{"id":109,"date":"2019-12-11T13:49:49","date_gmt":"2019-12-11T13:49:49","guid":{"rendered":"http:\/\/www.10rdlf.fr\/garden\/?page_id=109"},"modified":"2021-09-07T15:41:48","modified_gmt":"2021-09-07T13:41:48","slug":"boutures","status":"publish","type":"page","link":"https:\/\/www.galetsetoliviers.fr\/?page_id=109","title":{"rendered":"Boutures"},"content":{"rendered":"\n<p>Voici quelques petits rappels et autres g\u00e9n\u00e9ralit\u00e9s sur le bouturage. Je ne vais pas faire un court d\u00e9taill\u00e9 sur le bouturage, on en trouve facilement sur les bons sites de jardinage. La mani\u00e8re de bouturer d\u00e9pend bien s\u00fbr de la plante, mais voici quelques principes qui s&#8217;appliquent \u00e0 la plupart des boutures, et qu&#8217;il est toujours bon de rappeler :<\/p>\n\n\n\n<ul><li> La temp\u00e9rature doit \u00eatre stable,  15-25\u00b0C en g\u00e9n\u00e9ral. C&#8217;est pourquoi il vaut mieux bouturer au printemps\/automne.<\/li><li>Gardez les boutures dans un endroit lumineux, mais pas au soleil direct.<\/li><li> Le substrat doit \u00eatre drainant et l\u00e9ger ; on recommande en g\u00e9n\u00e9ral au moins 1\/3 de sable. Son humidit\u00e9 doit rester constante. <\/li><li>Coupez la plupart des feuilles, n&#8217;en gardez que 2 ou trois petites. Si il n&#8217;y a que de grosses feuilles coupez les \u00e0 un tiers\/demi de leur longueur. Essayez de prendre des rameaux sans fleur, et si ce n&#8217;est pas possible enlevez toutes les fleurs.<\/li><li>A l&#8217;\u00e9touff\u00e9 ou pas : le choix peut \u00eatre dur. L'&#8221;\u00e9touff\u00e9&#8221; sert \u00e0 garder une certaine humidit\u00e9 dans l&#8217;air, surtout quand il fait chaud. Faites les boutures \u00e0 l&#8217;\u00e9touff\u00e9 pour les plantes dont les feuilles s\u00e8chent rapidement ; mais attention, si le milieux est trop humide, la bouture va pourrir, et sil il n&#8217;est pas assez humide, la bouture s\u00e8che ; il n&#8217;y a pas de r\u00e8gle pr\u00e9cise, c&#8217;est l\u2019exp\u00e9rience qui compte, il faut essayer et recommencer. <\/li><\/ul>\n\n\n\n<p>Faites toujours plus que n\u00e9cessaire ; si on veut 2 plantes, en faire 6 !  Si toutes prennent \u00e7\u00e0 en fait toujours 4 \u00e0 donner. Si possible utilisez des pots assez grands (15cm) avec plusieurs boutures par pot plut\u00f4t que plusieurs pots avec une bouture, moins facile \u00e0 contr\u00f4ler. Il faudra s\u00e9parer les plantes une foi l&#8217;enracinement fini et les planter en pots individuels, ce qui peut \u00eatre d\u00e9licat surtout si les plants ne sont pas au m\u00eame stade d&#8217;enracinement.<\/p>\n\n\n\n<p>Si apr\u00e8s une semaine les boutures sont mortes cela veut dire que la plante ne se bouture pas, ou que les boutures ont mal \u00e9t\u00e9 faites (mauvais choix de bois, mauvaise p\u00e9riode, etc&#8230;). Il faut compter en moyenne un mois pour que les boutures s&#8217;enracinent. Bien s\u00fbre cela d\u00e9pend de la plante, ce n&#8217;est qu&#8217;une moyenne. Apr\u00e8s un mois surveillez sous le pot toute apparition de racines, puis d\u00e9poter les boutures pour bien confirmer l&#8217;enracinement. Certaines plantes boutur\u00e9es peuvent faire de nouvelles feuilles, mais cela ne veut pas dire que la bouture est r\u00e9ussie. La plante tire ses nutriments du bois de la bouture pour faire ces nouvelles feuilles sans que l&#8217;enracinement soit fait. Et souvent ces boutures meurent apr\u00e8s quelques semaines (je citerai par exemple la verveine citronnelle, les rosiers). <\/p>\n\n\n\n<figure class=\"wp-block-gallery columns-2 is-cropped wp-block-gallery-1 is-layout-flex wp-block-gallery-is-layout-flex\"><ul class=\"blocks-gallery-grid\"><li class=\"blocks-gallery-item\"><figure><img loading=\"lazy\" decoding=\"async\" width=\"1024\" height=\"683\" src=\"https:\/\/www.galetsetoliviers.fr\/wp-content\/uploads\/2020\/01\/DSC_0976-1024x683.jpg\" alt=\"\" data-id=\"521\" data-link=\"https:\/\/www.galetsetoliviers.fr\/?attachment_id=521\" class=\"wp-image-521\" srcset=\"https:\/\/www.galetsetoliviers.fr\/wp-content\/uploads\/2020\/01\/DSC_0976-1024x683.jpg 1024w, https:\/\/www.galetsetoliviers.fr\/wp-content\/uploads\/2020\/01\/DSC_0976-300x200.jpg 300w, https:\/\/www.galetsetoliviers.fr\/wp-content\/uploads\/2020\/01\/DSC_0976-768x512.jpg 768w, https:\/\/www.galetsetoliviers.fr\/wp-content\/uploads\/2020\/01\/DSC_0976-1200x800.jpg 1200w\" sizes=\"(max-width: 709px) 85vw, (max-width: 909px) 67vw, (max-width: 1362px) 62vw, 840px\" \/><figcaption class=\"blocks-gallery-item__caption\">Boutures de gaura rose, pr\u00eates \u00e0 planter<\/figcaption><\/figure><\/li><li class=\"blocks-gallery-item\"><figure><img loading=\"lazy\" decoding=\"async\" width=\"1024\" height=\"683\" src=\"https:\/\/www.galetsetoliviers.fr\/wp-content\/uploads\/2020\/01\/DSC_0979-1024x683.jpg\" alt=\"\" data-id=\"522\" data-link=\"https:\/\/www.galetsetoliviers.fr\/?attachment_id=522\" class=\"wp-image-522\" srcset=\"https:\/\/www.galetsetoliviers.fr\/wp-content\/uploads\/2020\/01\/DSC_0979-1024x683.jpg 1024w, https:\/\/www.galetsetoliviers.fr\/wp-content\/uploads\/2020\/01\/DSC_0979-300x200.jpg 300w, https:\/\/www.galetsetoliviers.fr\/wp-content\/uploads\/2020\/01\/DSC_0979-768x512.jpg 768w, https:\/\/www.galetsetoliviers.fr\/wp-content\/uploads\/2020\/01\/DSC_0979-1200x800.jpg 1200w\" sizes=\"(max-width: 709px) 85vw, (max-width: 909px) 67vw, (max-width: 1362px) 62vw, 840px\" \/><figcaption class=\"blocks-gallery-item__caption\">Boutures ouvertes \u00e0 gauche, \u00e0 l\u2019\u00e9touff\u00e9 \u00e0 droite. Environ 5 boutures par pot<\/figcaption><\/figure><\/li><li class=\"blocks-gallery-item\"><figure><img loading=\"lazy\" decoding=\"async\" width=\"768\" height=\"1024\" src=\"https:\/\/www.galetsetoliviers.fr\/wp-content\/uploads\/2020\/11\/IMG_20200502_112032-768x1024.jpg\" alt=\"\" data-id=\"1046\" data-link=\"https:\/\/www.galetsetoliviers.fr\/?attachment_id=1046\" class=\"wp-image-1046\" srcset=\"https:\/\/www.galetsetoliviers.fr\/wp-content\/uploads\/2020\/11\/IMG_20200502_112032-768x1024.jpg 768w, https:\/\/www.galetsetoliviers.fr\/wp-content\/uploads\/2020\/11\/IMG_20200502_112032-225x300.jpg 225w, https:\/\/www.galetsetoliviers.fr\/wp-content\/uploads\/2020\/11\/IMG_20200502_112032-1200x1600.jpg 1200w\" sizes=\"(max-width: 768px) 85vw, 768px\" \/><figcaption class=\"blocks-gallery-item__caption\">Apr\u00e8s 4 mois, les boutures ouvertes ont prises, par contre 100% d\u2019\u00e9chec pour les boutures \u00e0 l&#8217;\u00e9touff\u00e9<\/figcaption><\/figure><\/li><li class=\"blocks-gallery-item\"><figure><img loading=\"lazy\" decoding=\"async\" width=\"1024\" height=\"768\" src=\"https:\/\/www.galetsetoliviers.fr\/wp-content\/uploads\/2020\/11\/IMG_20200502_112201-1024x768.jpg\" alt=\"\" data-id=\"1047\" data-link=\"https:\/\/www.galetsetoliviers.fr\/?attachment_id=1047\" class=\"wp-image-1047\" srcset=\"https:\/\/www.galetsetoliviers.fr\/wp-content\/uploads\/2020\/11\/IMG_20200502_112201-1024x768.jpg 1024w, https:\/\/www.galetsetoliviers.fr\/wp-content\/uploads\/2020\/11\/IMG_20200502_112201-300x225.jpg 300w, https:\/\/www.galetsetoliviers.fr\/wp-content\/uploads\/2020\/11\/IMG_20200502_112201-768x576.jpg 768w, https:\/\/www.galetsetoliviers.fr\/wp-content\/uploads\/2020\/11\/IMG_20200502_112201-1200x900.jpg 1200w\" sizes=\"(max-width: 709px) 85vw, (max-width: 909px) 67vw, (max-width: 1362px) 62vw, 840px\" \/><figcaption class=\"blocks-gallery-item__caption\">On s\u00e9pare les mottes<\/figcaption><\/figure><\/li><li class=\"blocks-gallery-item\"><figure><img loading=\"lazy\" decoding=\"async\" width=\"1024\" height=\"768\" src=\"https:\/\/www.galetsetoliviers.fr\/wp-content\/uploads\/2020\/11\/IMG_20200502_112830-1024x768.jpg\" alt=\"\" data-id=\"1048\" data-link=\"https:\/\/www.galetsetoliviers.fr\/?attachment_id=1048\" class=\"wp-image-1048\" srcset=\"https:\/\/www.galetsetoliviers.fr\/wp-content\/uploads\/2020\/11\/IMG_20200502_112830-1024x768.jpg 1024w, https:\/\/www.galetsetoliviers.fr\/wp-content\/uploads\/2020\/11\/IMG_20200502_112830-300x225.jpg 300w, https:\/\/www.galetsetoliviers.fr\/wp-content\/uploads\/2020\/11\/IMG_20200502_112830-768x576.jpg 768w, https:\/\/www.galetsetoliviers.fr\/wp-content\/uploads\/2020\/11\/IMG_20200502_112830-1200x900.jpg 1200w\" sizes=\"(max-width: 709px) 85vw, (max-width: 909px) 67vw, (max-width: 1362px) 62vw, 840px\" \/><figcaption class=\"blocks-gallery-item__caption\">Et on replante<\/figcaption><\/figure><\/li><\/ul><\/figure>\n\n\n\n<p>Beaucoup de sites de jardinage avec description de plantes expliquent comment les bouturer (\u00e9poque, type de bouture, etc\u2026). Regardez aussi si il n&#8217;y a pas d&#8217;autres m\u00e9thodes de propagation plus facile que le bouturage ; le marcottage, par exemple, n&#8217;est que peu utilis\u00e9 mais pourtant est tr\u00e8s facile et donne de bons r\u00e9sultats sur certaines plantes (l&#8217;osteospermum par exemple).<\/p>\n\n\n\n<p>La r\u00e9ussite d\u00e9pend de beaucoup de facteurs mais surtout de la &#8220;main verte&#8221;. Je peux \u00e9chouer de mani\u00e8re r\u00e9p\u00e9t\u00e9e l\u00e0 o\u00f9 mon\/ma voisin(e) r\u00e9ussira toujours, et vice versa sur d&#8217;autres plantes.<\/p>\n\n\n\n<figure class=\"wp-block-gallery aligncenter columns-1 is-cropped wp-block-gallery-2 is-layout-flex wp-block-gallery-is-layout-flex\"><ul class=\"blocks-gallery-grid\"><li class=\"blocks-gallery-item\"><figure><img loading=\"lazy\" decoding=\"async\" width=\"1024\" height=\"768\" src=\"https:\/\/www.galetsetoliviers.fr\/wp-content\/uploads\/2021\/09\/IMG_20210320_145118-1024x768.jpg\" alt=\"\" data-id=\"1465\" data-full-url=\"https:\/\/www.galetsetoliviers.fr\/wp-content\/uploads\/2021\/09\/IMG_20210320_145118-scaled.jpg\" data-link=\"https:\/\/www.galetsetoliviers.fr\/?attachment_id=1465\" class=\"wp-image-1465\" srcset=\"https:\/\/www.galetsetoliviers.fr\/wp-content\/uploads\/2021\/09\/IMG_20210320_145118-1024x768.jpg 1024w, https:\/\/www.galetsetoliviers.fr\/wp-content\/uploads\/2021\/09\/IMG_20210320_145118-300x225.jpg 300w, https:\/\/www.galetsetoliviers.fr\/wp-content\/uploads\/2021\/09\/IMG_20210320_145118-768x576.jpg 768w, https:\/\/www.galetsetoliviers.fr\/wp-content\/uploads\/2021\/09\/IMG_20210320_145118-1536x1152.jpg 1536w, https:\/\/www.galetsetoliviers.fr\/wp-content\/uploads\/2021\/09\/IMG_20210320_145118-2048x1536.jpg 2048w, https:\/\/www.galetsetoliviers.fr\/wp-content\/uploads\/2021\/09\/IMG_20210320_145118-1200x900.jpg 1200w\" sizes=\"(max-width: 709px) 85vw, (max-width: 909px) 67vw, (max-width: 1362px) 62vw, 840px\" \/><figcaption class=\"blocks-gallery-item__caption\">Boutures \u00e0 \u2018sec\u2019 fin d&#8217;hiver<\/figcaption><\/figure><\/li><li class=\"blocks-gallery-item\"><figure><img loading=\"lazy\" decoding=\"async\" width=\"1024\" height=\"683\" src=\"https:\/\/www.galetsetoliviers.fr\/wp-content\/uploads\/2021\/09\/DSC_0422-1024x683.jpg\" alt=\"\" data-id=\"1448\" data-full-url=\"https:\/\/www.galetsetoliviers.fr\/wp-content\/uploads\/2021\/09\/DSC_0422-scaled.jpg\" data-link=\"https:\/\/www.galetsetoliviers.fr\/?attachment_id=1448\" class=\"wp-image-1448\" srcset=\"https:\/\/www.galetsetoliviers.fr\/wp-content\/uploads\/2021\/09\/DSC_0422-1024x683.jpg 1024w, https:\/\/www.galetsetoliviers.fr\/wp-content\/uploads\/2021\/09\/DSC_0422-300x200.jpg 300w, https:\/\/www.galetsetoliviers.fr\/wp-content\/uploads\/2021\/09\/DSC_0422-768x512.jpg 768w, https:\/\/www.galetsetoliviers.fr\/wp-content\/uploads\/2021\/09\/DSC_0422-1536x1024.jpg 1536w, https:\/\/www.galetsetoliviers.fr\/wp-content\/uploads\/2021\/09\/DSC_0422-2048x1365.jpg 2048w, https:\/\/www.galetsetoliviers.fr\/wp-content\/uploads\/2021\/09\/DSC_0422-1200x800.jpg 1200w\" sizes=\"(max-width: 709px) 85vw, (max-width: 909px) 67vw, (max-width: 1362px) 62vw, 840px\" \/><figcaption class=\"blocks-gallery-item__caption\">Boutures \u00e0 \u2018sec\u2019 milieu de printemps. La croissance a repris, mais cela ne veut encore rien dire quant \u00e0 la future r\u00e9ussite<\/figcaption><\/figure><\/li><\/ul><figcaption class=\"blocks-gallery-caption\">Boutures \u00e0 \u2018sec\u2019 \u00e0 diff\u00e9rents stades de croissance : hortensia grimpant, romarin, groseillier, verveine citronnelle, fuchsia<\/figcaption><\/figure>\n\n\n\n<h3 class=\"wp-block-heading\"><strong>Liste (incompl\u00e8te) des boutures du jardin<\/strong><\/h3>\n\n\n\n<p>Les r\u00e9ussites sont tr\u00e8s variables suivant la plante. Voici une liste de nos essais, bons ou mauvais&#8230; Pour le type de bouture :<\/p>\n\n\n\n<ul><li>En eau : bouture dans un verre d&#8217;eau<\/li><li>\u00c9touff\u00e9e : bouture de rameaux verts ou ao\u00fbt\u00e9s en pot ferm\u00e9<\/li><li>Ouverte : bouture de rameaux verts ou ao\u00fbt\u00e9s en pot ouvert<\/li><li>Sec : bouture en hiver de rameaux &#8216;secs&#8217; (la v\u00e9g\u00e9tation est au repos). Les pots sont gard\u00e9s en serre froide.<\/li><\/ul>\n\n\n\n<p><\/p>\n\n\n\n<figure class=\"wp-block-table\"><table><tbody><tr><td><strong>Plante<\/strong><\/td><td><strong>Type<\/strong><\/td><td><strong>P\u00e9riode<\/strong><\/td><td><\/td><\/tr><tr><td>Brugmansia<\/td><td>Ouverte<\/td><td>Ao\u00fbt<\/td><td>Tr\u00e8s facile<\/td><\/tr><tr><td>Citronnelle<\/td><td>En eau<\/td><td>Toute l&#8217;ann\u00e9e<\/td><td>Tr\u00e8s facile<\/td><\/tr><tr><td>Cor\u00e9opsis lanceolata<\/td><td>Ouverte<\/td><td>Ao\u00fbt<\/td><td>Tr\u00e8s facile<\/td><\/tr><tr><td>Gaura rose<\/td><td>\u00c9touff\u00e9e<br>Ouverte<\/td><td>Ao\u00fbt<br>Novembre<\/td><td>30% de r\u00e9ussite<br>90%<\/td><\/tr><tr><td>Graptopetalum paraguayense<\/td><td>Ouverte<\/td><td>Toute l&#8217;ann\u00e9e<\/td><td>Tr\u00e8s facile<\/td><\/tr><tr><td>Groseille<\/td><td>Sec<\/td><td>Mars<\/td><td>50%<\/td><\/tr><tr><td>Hortensia<\/td><td>Ouverte<\/td><td>Ao\u00fbt<\/td><td>Tr\u00e8s facile<\/td><\/tr><tr><td>Osteospermum<\/td><td>Ouverte<\/td><td>Avril<\/td><td>Tr\u00e8s facile<\/td><\/tr><tr><td>Verveine citronnelle<\/td><td>Sec<br>\u00c9touff\u00e9e<\/td><td>Mars<br>Ao\u00fbt<\/td><td>50%<br>Al\u00e9atoire<\/td><\/tr><tr><td>Verveine de Buenos Aires<\/td><td>\u00c9touff\u00e9<\/td><td>Ao\u00fbt<\/td><td>30% de r\u00e9ussite<\/td><\/tr><\/tbody><\/table><\/figure>\n\n\n\n<p><\/p>\n","protected":false},"excerpt":{"rendered":"<p>Voici quelques petits rappels et autres g\u00e9n\u00e9ralit\u00e9s sur le bouturage. Je ne vais pas faire un court d\u00e9taill\u00e9 sur le bouturage, on en trouve facilement sur les bons sites de jardinage. La mani\u00e8re de bouturer d\u00e9pend bien s\u00fbr de la plante, mais voici quelques principes qui s&#8217;appliquent \u00e0 la plupart des boutures, et qu&#8217;il est &hellip; <a href=\"https:\/\/www.galetsetoliviers.fr\/?page_id=109\" class=\"more-link\">Continue reading<span class=\"screen-reader-text\"> &#8220;Boutures&#8221;<\/span><\/a><\/p>\n","protected":false},"author":1,"featured_media":0,"parent":0,"menu_order":0,"comment_status":"closed","ping_status":"closed","template":"","meta":{"footnotes":""},"_links":{"self":[{"href":"https:\/\/www.galetsetoliviers.fr\/index.php?rest_route=\/wp\/v2\/pages\/109"}],"collection":[{"href":"https:\/\/www.galetsetoliviers.fr\/index.php?rest_route=\/wp\/v2\/pages"}],"about":[{"href":"https:\/\/www.galetsetoliviers.fr\/index.php?rest_route=\/wp\/v2\/types\/page"}],"author":[{"embeddable":true,"href":"https:\/\/www.galetsetoliviers.fr\/index.php?rest_route=\/wp\/v2\/users\/1"}],"replies":[{"embeddable":true,"href":"https:\/\/www.galetsetoliviers.fr\/index.php?rest_route=%2Fwp%2Fv2%2Fcomments&post=109"}],"version-history":[{"count":27,"href":"https:\/\/www.galetsetoliviers.fr\/index.php?rest_route=\/wp\/v2\/pages\/109\/revisions"}],"predecessor-version":[{"id":1534,"href":"https:\/\/www.galetsetoliviers.fr\/index.php?rest_route=\/wp\/v2\/pages\/109\/revisions\/1534"}],"wp:attachment":[{"href":"https:\/\/www.galetsetoliviers.fr\/index.php?rest_route=%2Fwp%2Fv2%2Fmedia&parent=109"}],"curies":[{"name":"wp","href":"https:\/\/api.w.org\/{rel}","templated":true}]}}