{"id":113,"date":"2019-12-11T13:53:39","date_gmt":"2019-12-11T13:53:39","guid":{"rendered":"http:\/\/www.10rdlf.fr\/garden\/?page_id=113"},"modified":"2020-01-17T16:41:00","modified_gmt":"2020-01-17T15:41:00","slug":"notes-sur-la-conception-dun-jardin-aromatique","status":"publish","type":"page","link":"https:\/\/www.galetsetoliviers.fr\/?page_id=113","title":{"rendered":"Conception d&#8217;un jardin aromatique"},"content":{"rendered":"\n<p>Il y a beaucoup de mod\u00e8les de jardin aromatique sur Internet, et le but ici n&#8217;est pas d&#8217;en donner un de plus, mais plut\u00f4t de vous \u00e9viter les erreurs que nous avons faites. Les sites s&#8217;attardent surtout sur la forme du jardin, mais il y a d&#8217;autres contraintes que malheureusement on n\u00e9glige trop souvent.<\/p>\n\n\n\n<h3 class=\"wp-block-heading\">Taille du jardin<\/h3>\n\n\n\n<p>Le taille des plantes aromatiques adultes est tr\u00e8s variable et tr\u00e8s diff\u00e9rente des petits plants qu&#8217;on vient d&#8217;acheter en p\u00e9pini\u00e8re ; pour prendre quelques exemples : <\/p>\n\n\n\n<ul><li>Les grandes : romarin 1m x 1m ou plus, sauge 80cm x 80cm, verveine citronnelle 1m x 1m ou plus.<\/li><li>Les moyennes : thym, origan : couvre sol, variable, mais compter 50cm x 50cm au moins ; basilic, Bourrache. Menthe.<\/li><li>Les petites : ciboulette 20cm x 20cm, coriandre, aneth, persil<\/li><\/ul>\n\n\n\n<p>Donc si on part d&#8217;un petit jardin avec 1 romarin, 1 sauge, 1 thym, 2 basilics, 2 ciboulettes, 2 persils on arrive \u00e0 2.5m\u00b2. Comme vous le voyez, la taille totale augmente rapidement.<\/p>\n\n\n\n<p> Plantez les grosses plantes en p\u00e9riph\u00e9rie, voir en dehors du jardin aromatique. Comptez au moins 3m2 pour pouvoir avoir un jardin vari\u00e9 et tenez compte \u00e0 la plantation de la taille finale des plants. Et faites attention que les grandes plantes ne fassent pas d&#8217;ombre aux petites.<\/p>\n\n\n\n<h3 class=\"wp-block-heading\">Probl\u00e8me d&#8217;organisation de l&#8217;espace<\/h3>\n\n\n\n<p>Certaines plantes sont annuelles, bisannuelles, vivaces et ont des cycles de croissance s\u00e9par\u00e9s : par exemple le coriandre pousse de l&#8217;automne au printemps\/d\u00e9but \u00e9t\u00e9 ; le basilic du printemps \u00e0 automne. Leurs cycles se chevauchent et ils doivent avoir des emplacements distincts. On ne peut pas planifier de planter le basilic sur le m\u00eame lot que la coriandre une fois r\u00e9colt\u00e9e, se sera trop tard.<\/p>\n\n\n\n<p>Attention aux besoins en eau qui peuvent \u00eatre compl\u00e8tement diff\u00e9rents selon les plantes : le thym, pas d&#8217;eau ; le basilic, arrosage r\u00e9gulier. Il faut pr\u00e9voir des arrosages s\u00e9par\u00e9s.<\/p>\n\n\n\n<p>Beaucoup de mod\u00e8les de jardin aromatique proposent de diviser le lot en petites zones (50cm x 50cm) avec un type de plante par zone. C&#8217;est joli, mais devient tr\u00e8s vite trop petit pour beaucoup de plantes, et impraticable si mal organis\u00e9.<\/p>\n\n\n\n<figure class=\"wp-block-image\"><img loading=\"lazy\" decoding=\"async\" width=\"1024\" height=\"683\" src=\"http:\/\/www.10rdlf.fr\/garden\/wp-content\/uploads\/2020\/01\/DSC_0312-1024x683.jpg\" alt=\"\" class=\"wp-image-235\" srcset=\"https:\/\/www.galetsetoliviers.fr\/wp-content\/uploads\/2020\/01\/DSC_0312-1024x683.jpg 1024w, https:\/\/www.galetsetoliviers.fr\/wp-content\/uploads\/2020\/01\/DSC_0312-300x200.jpg 300w, https:\/\/www.galetsetoliviers.fr\/wp-content\/uploads\/2020\/01\/DSC_0312-768x512.jpg 768w, https:\/\/www.galetsetoliviers.fr\/wp-content\/uploads\/2020\/01\/DSC_0312-1200x800.jpg 1200w\" sizes=\"(max-width: 709px) 85vw, (max-width: 909px) 67vw, (max-width: 1362px) 62vw, 840px\" \/><figcaption>Notre premier jardin aromatique, un exemple de ce qui ne faut pas faire. Une verveine, deux romarins, plusieurs sauges, un fenouil, de la menthe : beaucoup trop pour ce petit espace ; depuis tout a \u00e9t\u00e9 transplant\u00e9.  <\/figcaption><\/figure>\n\n\n\n<p>Notre premier jardin faisait 3m\u00b2 divis\u00e9 en 8 lots, tr\u00e8s vite surpeupl\u00e9 et ing\u00e9rable; maintenant nous avons 6m\u00b2, parfait pour nous. Le romarin, la sauge, le laurier, la verveine citronnelle, la menthe ont \u00e9t\u00e9 sortis en dehors du jardin aromatique. Ne restent que les &#8216;petites plantes&#8217;, basilic, coriandre, persil, bourrache, thym gris, origan, ciboulette, ciboule, hysope, aneth ; et pour boucher les trous entre deux cultures, de la roquette.<\/p>\n","protected":false},"excerpt":{"rendered":"<p>Il y a beaucoup de mod\u00e8les de jardin aromatique sur Internet, et le but ici n&#8217;est pas d&#8217;en donner un de plus, mais plut\u00f4t de vous \u00e9viter les erreurs que nous avons faites. Les sites s&#8217;attardent surtout sur la forme du jardin, mais il y a d&#8217;autres contraintes que malheureusement on n\u00e9glige trop souvent. Taille &hellip; <a href=\"https:\/\/www.galetsetoliviers.fr\/?page_id=113\" class=\"more-link\">Continue reading<span class=\"screen-reader-text\"> &#8220;Conception d&#8217;un jardin aromatique&#8221;<\/span><\/a><\/p>\n","protected":false},"author":1,"featured_media":0,"parent":0,"menu_order":0,"comment_status":"closed","ping_status":"closed","template":"","meta":{"footnotes":""},"_links":{"self":[{"href":"https:\/\/www.galetsetoliviers.fr\/index.php?rest_route=\/wp\/v2\/pages\/113"}],"collection":[{"href":"https:\/\/www.galetsetoliviers.fr\/index.php?rest_route=\/wp\/v2\/pages"}],"about":[{"href":"https:\/\/www.galetsetoliviers.fr\/index.php?rest_route=\/wp\/v2\/types\/page"}],"author":[{"embeddable":true,"href":"https:\/\/www.galetsetoliviers.fr\/index.php?rest_route=\/wp\/v2\/users\/1"}],"replies":[{"embeddable":true,"href":"https:\/\/www.galetsetoliviers.fr\/index.php?rest_route=%2Fwp%2Fv2%2Fcomments&post=113"}],"version-history":[{"count":7,"href":"https:\/\/www.galetsetoliviers.fr\/index.php?rest_route=\/wp\/v2\/pages\/113\/revisions"}],"predecessor-version":[{"id":495,"href":"https:\/\/www.galetsetoliviers.fr\/index.php?rest_route=\/wp\/v2\/pages\/113\/revisions\/495"}],"wp:attachment":[{"href":"https:\/\/www.galetsetoliviers.fr\/index.php?rest_route=%2Fwp%2Fv2%2Fmedia&parent=113"}],"curies":[{"name":"wp","href":"https:\/\/api.w.org\/{rel}","templated":true}]}}