{"id":18,"date":"2019-12-10T14:58:41","date_gmt":"2019-12-10T14:58:41","guid":{"rendered":"http:\/\/www.10rdlf.fr\/garden\/?page_id=18"},"modified":"2021-03-16T16:07:07","modified_gmt":"2021-03-16T15:07:07","slug":"presentation","status":"publish","type":"page","link":"https:\/\/www.galetsetoliviers.fr\/?page_id=18","title":{"rendered":"Pr\u00e9sentation"},"content":{"rendered":"\n<h3 class=\"wp-block-heading\">Situation<\/h3>\n\n\n\n<p>Le jardin se trouve \u00e0 30 min au sud de Toulouse dans un petit village des Comminges, dans la vall\u00e9e de la Garonne. Il s&#8217;\u00e9tend sur 4000m2 dont 500m2 am\u00e9nag\u00e9s, le reste est utilis\u00e9 en pr\u00e9 ou en verg\u00e9.  Le jardin existe depuis une \u00e9ternit\u00e9, mais a \u00e9t\u00e9 vraiment d\u00e9velopp\u00e9 que depuis 2015.<\/p>\n\n\n\n<figure class=\"wp-block-image size-large\"><a href=\"https:\/\/www.galetsetoliviers.fr\/wp-content\/uploads\/2021\/02\/garden-v0.0.png\"><img loading=\"lazy\" decoding=\"async\" width=\"1024\" height=\"741\" src=\"https:\/\/www.galetsetoliviers.fr\/wp-content\/uploads\/2021\/02\/garden-v0.0-1024x741.png\" alt=\"\" class=\"wp-image-1272\" srcset=\"https:\/\/www.galetsetoliviers.fr\/wp-content\/uploads\/2021\/02\/garden-v0.0-1024x741.png 1024w, https:\/\/www.galetsetoliviers.fr\/wp-content\/uploads\/2021\/02\/garden-v0.0-300x217.png 300w, https:\/\/www.galetsetoliviers.fr\/wp-content\/uploads\/2021\/02\/garden-v0.0-768x556.png 768w, https:\/\/www.galetsetoliviers.fr\/wp-content\/uploads\/2021\/02\/garden-v0.0-1536x1112.png 1536w, https:\/\/www.galetsetoliviers.fr\/wp-content\/uploads\/2021\/02\/garden-v0.0-2048x1483.png 2048w, https:\/\/www.galetsetoliviers.fr\/wp-content\/uploads\/2021\/02\/garden-v0.0-1200x869.png 1200w\" sizes=\"(max-width: 709px) 85vw, (max-width: 909px) 67vw, (max-width: 1362px) 62vw, 840px\" \/><\/a><figcaption>La partie soign\u00e9e du jardin<\/figcaption><\/figure>\n\n\n\n<h3 class=\"wp-block-heading\">Le sol<\/h3>\n\n\n\n<p>Le sol est lourd, argileux, un peu calcaire, plein de galets. Il est impossible \u00e0 travailler quand il est sec (comme en \u00e9t\u00e9). Par contre il ne devient pas trop boueux en hiver, sauf en cas d&#8217;\u00e9pisodes de pluie continue qui restent rares.<\/p>\n\n\n\n<p>Pour la r\u00e9gion, le premier et plus important conseil que je donnerai est de planter en butte pour compenser la lourdeur du sol. Sur\u00e9levez les plates bandes de 20 \u00e0 30cm. Ce n&#8217;est pas obligatoire, mais cela peut aider \u00e0 faire prosp\u00e9rer beaucoup de plantes qui n&#8217;aiment pas les sols lourds.<\/p>\n\n\n\n<p>Parmi les plantes qui sont mortes pr\u00e9matur\u00e9ment \u00e0 cause du sol lourd, je citerai les pieds d&#8217;alouettes, les gaillardes, les gauras, les \u0153noth\u00e8res, les \u0153illets.<\/p>\n\n\n\n<h3 class=\"wp-block-heading\">Le climat<\/h3>\n\n\n\n<p>C&#8217;est un climat &#8220;toulousain&#8221;, qui est assez unique en France, et qui peut \u00eatre d\u00e9crit comme en m\u00e9lange de climat m\u00e9diterran\u00e9en, oc\u00e9anique, et continental :<\/p>\n\n\n\n<ul><li>m\u00e9diterran\u00e9en pour les journ\u00e9es ensoleill\u00e9s chaudes et s\u00e8ches, souvent accompagn\u00e9es de vent d&#8217;est venant de M\u00e9diterran\u00e9e<\/li><li>oc\u00e9anique pour les journ\u00e9es pluvieuses et venteuses souvent accompagn\u00e9es de vent d&#8217;ouest venant de l&#8217;oc\u00e9an Atlantique<\/li><li>continental pour les journ\u00e9es tr\u00e8s froides d&#8217;hiver (-12\u00b0C min), et tr\u00e8s chaudes et humides en \u00e9t\u00e9.<\/li><\/ul>\n\n\n\n<p>Donc un peut de tout. Du point de vue des plantes elles doivent r\u00e9sister au froid et humidit\u00e9 de l&#8217;hiver et \u00e0 la chaleur et s\u00e9cheresse de l&#8217;\u00e9t\u00e9.<\/p>\n\n\n\n<p>A noter que le mauvais temps, c.\u00e0.d. la pluie, vient \u00e0 80% de l&#8217;ouest (influence oc\u00e9anique) ; un peu du nord et du sud surtout pendant les orages ; et tr\u00e8s rarement de l&#8217;ouest.<\/p>\n\n\n\n<p>Il neige r\u00e9guli\u00e8rement, tous les 2 ans environs, la neige ne tenant au sol que rarement plus de 24h.<\/p>\n\n\n\n<p>Le sol ne g\u00e8le pas beaucoup, peut \u00eatre 5cm maximum dans les zones \u00e0 l&#8217;ombre pendant des ann\u00e9es de froid intense, mais c&#8217;est rare, une fois tout les 10 ans peut-\u00eatre.<\/p>\n\n\n\n<p>Voici un <a href=\"https:\/\/journals.openedition.org\/cybergeo\/23155\">article sur le climat fran\u00e7ais<\/a>, qui pr\u00e9sente bien la particularit\u00e9 du climat du sud ouest. Sur la carte de synth\u00e8se nous avons droit \u00e0 notre propre couleur !<\/p>\n\n\n\n<div class=\"wp-block-image\"><figure class=\"aligncenter size-large is-resized\"><img loading=\"lazy\" decoding=\"async\" src=\"https:\/\/www.galetsetoliviers.fr\/wp-content\/uploads\/2020\/12\/carte-climat-france-img-4-859x1024.jpg\" alt=\"\" class=\"wp-image-1158\" width=\"430\" height=\"512\" srcset=\"https:\/\/www.galetsetoliviers.fr\/wp-content\/uploads\/2020\/12\/carte-climat-france-img-4-859x1024.jpg 859w, https:\/\/www.galetsetoliviers.fr\/wp-content\/uploads\/2020\/12\/carte-climat-france-img-4-252x300.jpg 252w, https:\/\/www.galetsetoliviers.fr\/wp-content\/uploads\/2020\/12\/carte-climat-france-img-4-768x916.jpg 768w, https:\/\/www.galetsetoliviers.fr\/wp-content\/uploads\/2020\/12\/carte-climat-france-img-4-1288x1536.jpg 1288w, https:\/\/www.galetsetoliviers.fr\/wp-content\/uploads\/2020\/12\/carte-climat-france-img-4-1200x1431.jpg 1200w, https:\/\/www.galetsetoliviers.fr\/wp-content\/uploads\/2020\/12\/carte-climat-france-img-4.jpg 1500w\" sizes=\"(max-width: 430px) 85vw, 430px\" \/><\/figure><\/div>\n\n\n\n<p>Et dont voila un extrait :<\/p>\n\n\n\n<blockquote class=\"wp-block-quote\"><p>Type 7 : Le climat du Bassin du Sud-Ouest<\/p><p>Ce type concerne une zone g\u00e9ographiquement composite, situ\u00e9e \u00e0 cheval sur plusieurs r\u00e9gions (Aquitaine, Languedoc) et centr\u00e9e sur le bassin moyen de la Garonne. Par commodit\u00e9, nous la d\u00e9nommerons \u00ab Bassin du Sud-ouest \u00bb. Il est caract\u00e9ris\u00e9 par une moyenne annuelle de temp\u00e9rature \u00e9lev\u00e9e (sup\u00e9rieure \u00e0 13\u00b0C) et un nombre \u00e9lev\u00e9 (&gt; 23) de jours chauds tandis que les jours qui pr\u00e9sentent un gel inf\u00e9rieur \u00e0 -5\u00b0C sont rares. L\u2019amplitude thermique annuelle est \u00e9lev\u00e9e (15 \u00e0 16\u00b0C) et la variabilit\u00e9 interannuelle des temp\u00e9ratures d\u2019hiver et d\u2019\u00e9t\u00e9 est faible. Les pr\u00e9cipitations, peu abondantes en cumul annuel (moins de 800 mm) et en hiver, le sont un peu plus durant l\u2019\u00e9t\u00e9. Elles sont plus fr\u00e9quentes en hiver (9-11 jours) qu\u2019en \u00e9t\u00e9 (moins de 6 jours). Cette r\u00e9partition indique que l\u2019intensit\u00e9 des pr\u00e9cipitations est faible l\u2019hiver (pr\u00e9cipitations oc\u00e9aniques) et plus \u00e9lev\u00e9es l\u2019\u00e9t\u00e9 (perturbations orageuses venant de l\u2019Espagne ou du golfe de Gascogne). La variabilit\u00e9 interannuelle des pr\u00e9cipitations est moyenne.<\/p><\/blockquote>\n\n\n\n<p><\/p>\n\n\n\n<h3 class=\"wp-block-heading\">Les plantes du jardin<\/h3>\n\n\n\n<p>Les plantes qui poussent ici sont tr\u00e8s communes, elles se trouvent dans tous les jardins de la r\u00e9gion. Il n&#8217;y a pas de vari\u00e9t\u00e9 extraordinaire, juste des plantes qui ont fait leurs preuves sous notre climat. Leurs origines sont vari\u00e9s, et si j&#8217;essaie de faire un inventaire, je dirais :<\/p>\n\n\n\n<ul><li>15% ont \u00e9t\u00e9 achet\u00e9es en p\u00e9pini\u00e8res ou grande surface de jardinage (surtout en solde \u00e0 l&#8217;automne). Ce sont surtout les arbres fruitiers, et quelques ornementales.<\/li><li>30% proviennent d&#8217;un troc de plantes qui se tient toutes les ann\u00e9es en mai pr\u00e8s d&#8217;ici et o\u00f9 les gens am\u00e8nent leur surplus de plants divis\u00e9s dont ils ne savent que faire.<\/li><li>40% sont des reproductions de plantes du jardin<\/li><li>\u00e9chang\u00e9es ou des divisions de plant de jardin d&#8217;amis.<\/li><li>achet\u00e9es dans des vides greniers. Le premier plant de coquelourde, qui maintenant s&#8217;est propag\u00e9 dans tout le jardin, a \u00e9t\u00e9 achet\u00e9 pour 20 centimes dans un vide grenier en 2005.<\/li><li>&#8217;emprunt\u00e9es&#8217; pendant des ballades. A noter que je ne prend pas des fleurs sauvages, ce qui ne se fait pas, mais des plants qui sont devenus invasifs dans leurs milieux. Je citerai par exemple des plants d&#8217;ipom\u00e9e indica, r\u00e9cup\u00e9r\u00e9s lors de vacances au Portugal, et qui est malheureusement extr\u00eamement invasif dans ce pays.<\/li><li>semis<\/li><li>donn\u00e9es (par ce que les gens n&#8217;en voulait plus), ou offertes pour certaines occasions<\/li><\/ul>\n\n\n\n<p>Ce n&#8217;est pas un jardin de collectionneur, si ce n&#8217;est l&#8217;exception des agrumes. Il n&#8217;y a pas de vari\u00e9t\u00e9 sp\u00e9ciale. En fait je ne connais pas la plupart des vari\u00e9t\u00e9s des plantes, et j&#8217;ai oubli\u00e9 depuis longtemps celles des 3 rosiers que j&#8217;ai achet\u00e9 en 15 ans !<\/p>\n\n\n\n<p>Ce sont des plants et arbres robustes, sans soucis. Si une plante meurt, j&#8217;essaie une deuxi\u00e8me fois de la planter, et si cela \u00e9choue de nouveau je n&#8217;insiste pas, la plante n&#8217;est probablement pas faite pour le jardin (ou le jardinier).<\/p>\n\n\n\n<p>Il est agr\u00e9able de se promener dans le jardin, de regarder une plante, et de se rappeler l&#8217;origine. Celle ci vient d&#8217;Irlande, du jardin de ma belle m\u00e8re ; celle l\u00e0 vient de graines trouv\u00e9es pendant nos vacance sur un tas de composte dans un g\u00eete d&#8217;Alsace&#8230; <\/p>\n\n\n\n<h3 class=\"wp-block-heading\">Arrosage<\/h3>\n\n\n\n<p>L&#8217;arrosage est indispensable si on veut avoir un jardin fleuri en \u00e9t\u00e9. Les jardins sans arrosages sont parfaitement possibles, ils sont beaux au printemps, mais l&#8217;absence d&#8217;eau en \u00e9t\u00e9\/automne les rendra moins attractifs pendant ces saisons. Par exemple la sauge microphylla ou le n\u00e9p\u00e9ta peuvent se passer compl\u00e8tement d&#8217;eau, mais ils ne fleuriront que tr\u00e8s peu en \u00e9t\u00e9, et les plants resteront sous d\u00e9velopp\u00e9s. On peut aussi opter pour un jardin sec (type m\u00e9diterran\u00e9en comme dans le sud-est) mais la duret\u00e9 de l&#8217;hiver limite le choix des esp\u00e8ces.<\/p>\n\n\n\n<p>Ici nous avons choisi d&#8217;arroser mod\u00e9r\u00e9ment le jardin autour du &#8220;<a href=\"http:\/\/www.10rdlf.fr\/garden\/?page_id=85\">centre de vie<\/a>&#8220;, et de moins en moins quand on s&#8217;en \u00e9loigne. Quelques plates bandes ont \u00e9t\u00e9 plant\u00e9es en jardin (presque) sec, avec un arrosage rapide \u00e0 la main une fois par semaine.<\/p>\n\n\n\n<p>A noter que m\u00eame pour un jardin sec (par exemple de la lavande), la premi\u00e8re ann\u00e9e de croissance des plantes va n\u00e9cessiter un arrosage r\u00e9gulier si on veut une bonne reprise.<\/p>\n\n\n\n<p>Du \u00e0 la lourdeur du sol, l&#8217;arrosage au goutte \u00e0 goutte est recommand\u00e9. Arroser \u00e0 la main prend beaucoup de temps, et n&#8217;est pas efficace. Pour notre jardin je passais au d\u00e9but 1 heur par jour pour arroser au tuyau. Tr\u00e8s vite l&#8217;arrosage automatique a \u00e9t\u00e9 install\u00e9.<\/p>\n\n\n\n<p>Un des inconv\u00e9nients de l&#8217;arrosage automatique est que l&#8217;on n&#8217;est plus l\u00e0 chaque jour \u00e0 regarder les plants et \u00e0 s&#8217;assurer que tout va bien. Maintenant s&#8217;il y a un probl\u00e8me on le remarque souvent trop tard.  Un deuxi\u00e8me inconv\u00e9nient est que les plantes ont des besoins sp\u00e9cifiques, qui peuvent ne pas \u00eatre satisfaits avec le goutte \u00e0 goutte.<\/p>\n\n\n\n<p>Pour les chiffres :<\/p>\n\n\n\n<ul><li>Le jardin : arrosage tous les 2 jours, 1h1\/2, de juin \u00e0 septembre (cela d\u00e9pend des ann\u00e9es).<\/li><li>Le potager : arrosage tous les 2 jours, 40min.<\/li><\/ul>\n\n\n\n<p> Nous consommons environ 100m\u00b3 d&#8217;eau pour la saison, avec en moyenne 5m\u00b3 par semaine, cela sur 20 semaines (fin mai \u00e0 septembre). Dans notre cas l&#8217;eau vient d&#8217;un puits.<\/p>\n\n\n\n<p>A noter que recueillir l&#8217;eau de pluie dans des cuves ne permet que d&#8217;arroser un petit jardin. On peut passer 1 mois sans pluie ce qui veut dire que pour notre jardin nous aurions besoin d&#8217;une r\u00e9serve de 40m3.<\/p>\n","protected":false},"excerpt":{"rendered":"<p>Situation Le jardin se trouve \u00e0 30 min au sud de Toulouse dans un petit village des Comminges, dans la vall\u00e9e de la Garonne. Il s&#8217;\u00e9tend sur 4000m2 dont 500m2 am\u00e9nag\u00e9s, le reste est utilis\u00e9 en pr\u00e9 ou en verg\u00e9. Le jardin existe depuis une \u00e9ternit\u00e9, mais a \u00e9t\u00e9 vraiment d\u00e9velopp\u00e9 que depuis 2015. Le &hellip; <a href=\"https:\/\/www.galetsetoliviers.fr\/?page_id=18\" class=\"more-link\">Continue reading<span class=\"screen-reader-text\"> &#8220;Pr\u00e9sentation&#8221;<\/span><\/a><\/p>\n","protected":false},"author":1,"featured_media":0,"parent":0,"menu_order":0,"comment_status":"closed","ping_status":"closed","template":"","meta":{"footnotes":""},"_links":{"self":[{"href":"https:\/\/www.galetsetoliviers.fr\/index.php?rest_route=\/wp\/v2\/pages\/18"}],"collection":[{"href":"https:\/\/www.galetsetoliviers.fr\/index.php?rest_route=\/wp\/v2\/pages"}],"about":[{"href":"https:\/\/www.galetsetoliviers.fr\/index.php?rest_route=\/wp\/v2\/types\/page"}],"author":[{"embeddable":true,"href":"https:\/\/www.galetsetoliviers.fr\/index.php?rest_route=\/wp\/v2\/users\/1"}],"replies":[{"embeddable":true,"href":"https:\/\/www.galetsetoliviers.fr\/index.php?rest_route=%2Fwp%2Fv2%2Fcomments&post=18"}],"version-history":[{"count":20,"href":"https:\/\/www.galetsetoliviers.fr\/index.php?rest_route=\/wp\/v2\/pages\/18\/revisions"}],"predecessor-version":[{"id":1373,"href":"https:\/\/www.galetsetoliviers.fr\/index.php?rest_route=\/wp\/v2\/pages\/18\/revisions\/1373"}],"wp:attachment":[{"href":"https:\/\/www.galetsetoliviers.fr\/index.php?rest_route=%2Fwp%2Fv2%2Fmedia&parent=18"}],"curies":[{"name":"wp","href":"https:\/\/api.w.org\/{rel}","templated":true}]}}