{"id":184,"date":"2020-01-13T12:04:48","date_gmt":"2020-01-13T11:04:48","guid":{"rendered":"http:\/\/www.10rdlf.fr\/garden\/?page_id=184"},"modified":"2021-03-17T15:31:48","modified_gmt":"2021-03-17T14:31:48","slug":"le-jardin","status":"publish","type":"page","link":"https:\/\/www.galetsetoliviers.fr\/?page_id=184","title":{"rendered":"Le Jardin"},"content":{"rendered":"\n<p><a href=\"http:\/\/www.10rdlf.fr\/garden\/?page_id=18\">Pr\u00e9sentation<\/a><br><a href=\"http:\/\/www.10rdlf.fr\/garden\/?page_id=77\">La faune<\/a><br><a href=\"https:\/\/www.galetsetoliviers.fr\/?page_id=663\" data-type=\"page\" data-id=\"663\">Sc\u00e8nes d&#8217;hiver<\/a><br><a href=\"http:\/\/www.10rdlf.fr\/garden\/?page_id=79\">Sc\u00e8nes de printemps<\/a><br><a href=\"https:\/\/www.galetsetoliviers.fr\/?page_id=667\" data-type=\"page\" data-id=\"667\">Sc\u00e8nes d&#8217;\u00e9t\u00e9<\/a><br><a href=\"https:\/\/www.galetsetoliviers.fr\/?page_id=669\" data-type=\"page\" data-id=\"669\">Sc\u00e8nes d&#8217;automne<\/a><br><a href=\"https:\/\/www.galetsetoliviers.fr\/?page_id=606\" data-type=\"page\" data-id=\"606\">La mangeoire \u00e0 oiseaux<\/a><br><a href=\"https:\/\/www.galetsetoliviers.fr\/?page_id=427\" data-type=\"page\" data-id=\"427\">Le bassin<\/a><br><a href=\"https:\/\/www.galetsetoliviers.fr\/?page_id=451\" data-type=\"page\" data-id=\"451\">Les potagers sur\u00e9lev\u00e9s<\/a><br><a href=\"https:\/\/www.galetsetoliviers.fr\/?page_id=707\" data-type=\"page\" data-id=\"707\">L\u2019architecture traditionnelle toulousaine<\/a><br><a href=\"https:\/\/www.galetsetoliviers.fr\/?page_id=822\" data-type=\"page\" data-id=\"822\">Un peu d&#8217;art<\/a><br><\/p>\n","protected":false},"excerpt":{"rendered":"<p>Pr\u00e9sentationLa fauneSc\u00e8nes d&#8217;hiverSc\u00e8nes de printempsSc\u00e8nes d&#8217;\u00e9t\u00e9Sc\u00e8nes d&#8217;automneLa mangeoire \u00e0 oiseauxLe bassinLes potagers sur\u00e9lev\u00e9sL\u2019architecture traditionnelle toulousaineUn peu d&#8217;art<\/p>\n","protected":false},"author":1,"featured_media":0,"parent":0,"menu_order":0,"comment_status":"closed","ping_status":"closed","template":"","meta":{"footnotes":""},"_links":{"self":[{"href":"https:\/\/www.galetsetoliviers.fr\/index.php?rest_route=\/wp\/v2\/pages\/184"}],"collection":[{"href":"https:\/\/www.galetsetoliviers.fr\/index.php?rest_route=\/wp\/v2\/pages"}],"about":[{"href":"https:\/\/www.galetsetoliviers.fr\/index.php?rest_route=\/wp\/v2\/types\/page"}],"author":[{"embeddable":true,"href":"https:\/\/www.galetsetoliviers.fr\/index.php?rest_route=\/wp\/v2\/users\/1"}],"replies":[{"embeddable":true,"href":"https:\/\/www.galetsetoliviers.fr\/index.php?rest_route=%2Fwp%2Fv2%2Fcomments&post=184"}],"version-history":[{"count":5,"href":"https:\/\/www.galetsetoliviers.fr\/index.php?rest_route=\/wp\/v2\/pages\/184\/revisions"}],"predecessor-version":[{"id":1395,"href":"https:\/\/www.galetsetoliviers.fr\/index.php?rest_route=\/wp\/v2\/pages\/184\/revisions\/1395"}],"wp:attachment":[{"href":"https:\/\/www.galetsetoliviers.fr\/index.php?rest_route=%2Fwp%2Fv2%2Fmedia&parent=184"}],"curies":[{"name":"wp","href":"https:\/\/api.w.org\/{rel}","templated":true}]}}