{"id":413,"date":"2020-01-17T09:16:51","date_gmt":"2020-01-17T08:16:51","guid":{"rendered":"http:\/\/www.10rdlf.fr\/garden\/?page_id=413"},"modified":"2020-12-15T16:31:30","modified_gmt":"2020-12-15T15:31:30","slug":"liens","status":"publish","type":"page","link":"https:\/\/www.galetsetoliviers.fr\/?page_id=413","title":{"rendered":"Liens"},"content":{"rendered":"\n<p>Quelques lieux que nous avons eu l&#8217;occasion de visiter<\/p>\n\n\n\n<ul><li>La p\u00e9pini\u00e8re <a href=\"https:\/\/www.alisma.fr\/\">Alisma<\/a>, une p\u00e9pini\u00e8re pour plantes aquatiques.<\/li><li>La <a href=\"https:\/\/www.palmeraiesarthou.com\">Palmeraie du Sarthou<\/a>, tr\u00e8s belle collection de bambous et palmiers, mais surtout une magnifique marre couverte de lotus.<\/li><li>Les <a href=\"http:\/\/www.jardinsdesmartels.com\">Jardins des Martels<\/a>, un jardin parmi les plus connus de la r\u00e9gion.<\/li><li>Si vous passez par Albi, allez visiter <a href=\"https:\/\/www.lespoteriesdalbi.fr\/\">Les Poteries d\u2019Albi<\/a> ; un beau choix de pots et vases en tout genres.<\/li><\/ul>\n\n\n\n<p>Des sites utiles<\/p>\n\n\n\n<ul><li><a href=\"http:\/\/www.meteociel.fr\/\">Meteociel<\/a>, un site de m\u00e9t\u00e9o tr\u00e8s simple avec beaucoup d&#8217;informations, par exemple la temp\u00e9rature du sol, utile pour les semis en pleine terre. L&#8217;animation radar est excellente.<\/li><li>Un site am\u00e9ricain du National Oceanic and Atmospheric Administration (NOAA), qui offre une <a href=\"https:\/\/www.cpc.ncep.noaa.gov\/products\/timeseries\/\">historique graphique<\/a> des temp\u00e9ratures et pr\u00e9cipitations de l&#8217;ann\u00e9e pass\u00e9e pour de nombreuses stations m\u00e9t\u00e9o de France et du monde.<\/li><\/ul>\n\n\n\n<p><\/p>\n","protected":false},"excerpt":{"rendered":"<p>Quelques lieux que nous avons eu l&#8217;occasion de visiter La p\u00e9pini\u00e8re Alisma, une p\u00e9pini\u00e8re pour plantes aquatiques. La Palmeraie du Sarthou, tr\u00e8s belle collection de bambous et palmiers, mais surtout une magnifique marre couverte de lotus. Les Jardins des Martels, un jardin parmi les plus connus de la r\u00e9gion. Si vous passez par Albi, allez &hellip; <a href=\"https:\/\/www.galetsetoliviers.fr\/?page_id=413\" class=\"more-link\">Continue reading<span class=\"screen-reader-text\"> &#8220;Liens&#8221;<\/span><\/a><\/p>\n","protected":false},"author":2,"featured_media":0,"parent":0,"menu_order":0,"comment_status":"closed","ping_status":"closed","template":"","meta":{"footnotes":""},"_links":{"self":[{"href":"https:\/\/www.galetsetoliviers.fr\/index.php?rest_route=\/wp\/v2\/pages\/413"}],"collection":[{"href":"https:\/\/www.galetsetoliviers.fr\/index.php?rest_route=\/wp\/v2\/pages"}],"about":[{"href":"https:\/\/www.galetsetoliviers.fr\/index.php?rest_route=\/wp\/v2\/types\/page"}],"author":[{"embeddable":true,"href":"https:\/\/www.galetsetoliviers.fr\/index.php?rest_route=\/wp\/v2\/users\/2"}],"replies":[{"embeddable":true,"href":"https:\/\/www.galetsetoliviers.fr\/index.php?rest_route=%2Fwp%2Fv2%2Fcomments&post=413"}],"version-history":[{"count":8,"href":"https:\/\/www.galetsetoliviers.fr\/index.php?rest_route=\/wp\/v2\/pages\/413\/revisions"}],"predecessor-version":[{"id":1155,"href":"https:\/\/www.galetsetoliviers.fr\/index.php?rest_route=\/wp\/v2\/pages\/413\/revisions\/1155"}],"wp:attachment":[{"href":"https:\/\/www.galetsetoliviers.fr\/index.php?rest_route=%2Fwp%2Fv2%2Fmedia&parent=413"}],"curies":[{"name":"wp","href":"https:\/\/api.w.org\/{rel}","templated":true}]}}