{"id":427,"date":"2020-01-17T09:50:48","date_gmt":"2020-01-17T08:50:48","guid":{"rendered":"http:\/\/www.10rdlf.fr\/garden\/?page_id=427"},"modified":"2021-09-08T15:34:54","modified_gmt":"2021-09-08T13:34:54","slug":"le-bassin","status":"publish","type":"page","link":"https:\/\/www.galetsetoliviers.fr\/?page_id=427","title":{"rendered":"Les bassins"},"content":{"rendered":"\n<figure class=\"wp-block-pullquote\"><blockquote><p>&#8220;L&#8217;avantage des plantes aquatiques, c&#8217;est qu&#8217;elles n&#8217;ont pas besoin d&#8217;arrosage&#8221; \u2014 lpj<\/p><\/blockquote><\/figure>\n\n\n\n<h4 class=\"wp-block-heading\">Le petit bassin<\/h4>\n\n\n\n<div class=\"wp-block-image\"><figure class=\"aligncenter\"><img loading=\"lazy\" decoding=\"async\" width=\"1024\" height=\"817\" src=\"http:\/\/www.10rdlf.fr\/garden\/wp-content\/uploads\/2020\/01\/IMG_20190630_154058077-1024x817.jpg\" alt=\"\" class=\"wp-image-475\" srcset=\"https:\/\/www.galetsetoliviers.fr\/wp-content\/uploads\/2020\/01\/IMG_20190630_154058077-1024x817.jpg 1024w, https:\/\/www.galetsetoliviers.fr\/wp-content\/uploads\/2020\/01\/IMG_20190630_154058077-300x239.jpg 300w, https:\/\/www.galetsetoliviers.fr\/wp-content\/uploads\/2020\/01\/IMG_20190630_154058077-768x613.jpg 768w, https:\/\/www.galetsetoliviers.fr\/wp-content\/uploads\/2020\/01\/IMG_20190630_154058077-1200x957.jpg 1200w\" sizes=\"(max-width: 709px) 85vw, (max-width: 909px) 67vw, (max-width: 1362px) 62vw, 840px\" \/><figcaption>La pompe provient de notre vieux puits ; un lotus \u00e0 droite<\/figcaption><\/figure><\/div>\n\n\n\n<div class=\"wp-block-media-text alignwide\" style=\"grid-template-columns:39% auto\"><figure class=\"wp-block-media-text__media\"><img loading=\"lazy\" decoding=\"async\" width=\"602\" height=\"1024\" src=\"http:\/\/www.10rdlf.fr\/garden\/wp-content\/uploads\/2020\/01\/IMG_20190721_123157489_HDR-1-602x1024.jpg\" alt=\"\" class=\"wp-image-440\" srcset=\"https:\/\/www.galetsetoliviers.fr\/wp-content\/uploads\/2020\/01\/IMG_20190721_123157489_HDR-1-602x1024.jpg 602w, https:\/\/www.galetsetoliviers.fr\/wp-content\/uploads\/2020\/01\/IMG_20190721_123157489_HDR-1-176x300.jpg 176w, https:\/\/www.galetsetoliviers.fr\/wp-content\/uploads\/2020\/01\/IMG_20190721_123157489_HDR-1-768x1306.jpg 768w, https:\/\/www.galetsetoliviers.fr\/wp-content\/uploads\/2020\/01\/IMG_20190721_123157489_HDR-1-1200x2041.jpg 1200w, https:\/\/www.galetsetoliviers.fr\/wp-content\/uploads\/2020\/01\/IMG_20190721_123157489_HDR-1.jpg 1931w\" sizes=\"(max-width: 602px) 85vw, 602px\" \/><\/figure><div class=\"wp-block-media-text__content\">\n<p>Le petit basin du jardin a \u00e9t\u00e9 mis en valeur en le sur\u00e9levant. On peut s&#8217;assoir sur les margelles pour regarder l&#8217;eau et les poissons.<\/p>\n\n\n\n<p>Les dimension sont 1.4m x 2.4 en surface, 60cm de profondeur sur les extr\u00e9mit\u00e9s, 1.2m de profondeur au milieu. Un r\u00e9servoir secondaire de d\u00e9versement de 150l re\u00e7oit l&#8217;eau du trop plein.<\/p>\n<\/div><\/div>\n\n\n\n<p>Le bassin, de conception classique, est enti\u00e8rement ma\u00e7onn\u00e9. Sa structure est identique \u00e0 celle d&#8217;une piscine, c.\u00e0.d. un radier de 10cm, une partie enterr\u00e9e en blocs \u00e0 bancher, et une partie hors sol en b\u00e9ton coffr\u00e9. L\u2019\u00e9tanch\u00e9it\u00e9 est assur\u00e9e par un enduit projet\u00e9. L\u2019habillement briques et galets est purement d\u00e9coratif.<\/p>\n\n\n\n<figure class=\"wp-block-gallery columns-1 is-cropped wp-block-gallery-1 is-layout-flex wp-block-gallery-is-layout-flex\"><ul class=\"blocks-gallery-grid\"><li class=\"blocks-gallery-item\"><figure><img loading=\"lazy\" decoding=\"async\" width=\"1024\" height=\"683\" src=\"http:\/\/www.10rdlf.fr\/garden\/wp-content\/uploads\/2020\/01\/DSC_0988-1024x683.jpg\" alt=\"\" data-id=\"526\" data-link=\"http:\/\/www.10rdlf.fr\/garden\/?attachment_id=526\" class=\"wp-image-526\" srcset=\"https:\/\/www.galetsetoliviers.fr\/wp-content\/uploads\/2020\/01\/DSC_0988-1024x683.jpg 1024w, https:\/\/www.galetsetoliviers.fr\/wp-content\/uploads\/2020\/01\/DSC_0988-300x200.jpg 300w, https:\/\/www.galetsetoliviers.fr\/wp-content\/uploads\/2020\/01\/DSC_0988-768x512.jpg 768w, https:\/\/www.galetsetoliviers.fr\/wp-content\/uploads\/2020\/01\/DSC_0988-1200x800.jpg 1200w\" sizes=\"(max-width: 709px) 85vw, (max-width: 909px) 67vw, (max-width: 1362px) 62vw, 840px\" \/><figcaption class=\"blocks-gallery-item__caption\">En hiver<\/figcaption><\/figure><\/li><li class=\"blocks-gallery-item\"><figure><img loading=\"lazy\" decoding=\"async\" width=\"1024\" height=\"683\" src=\"http:\/\/www.10rdlf.fr\/garden\/wp-content\/uploads\/2020\/07\/DSC_0730-1024x683.jpg\" alt=\"\" data-id=\"856\" data-link=\"http:\/\/www.10rdlf.fr\/garden\/?attachment_id=856\" class=\"wp-image-856\" srcset=\"https:\/\/www.galetsetoliviers.fr\/wp-content\/uploads\/2020\/07\/DSC_0730-1024x683.jpg 1024w, https:\/\/www.galetsetoliviers.fr\/wp-content\/uploads\/2020\/07\/DSC_0730-300x200.jpg 300w, https:\/\/www.galetsetoliviers.fr\/wp-content\/uploads\/2020\/07\/DSC_0730-768x512.jpg 768w, https:\/\/www.galetsetoliviers.fr\/wp-content\/uploads\/2020\/07\/DSC_0730-1200x800.jpg 1200w\" sizes=\"(max-width: 709px) 85vw, (max-width: 909px) 67vw, (max-width: 1362px) 62vw, 840px\" \/><figcaption class=\"blocks-gallery-item__caption\">En \u00e9t\u00e9<\/figcaption><\/figure><\/li><\/ul><\/figure>\n\n\n\n<p>La filtration se fait par une pompe et filtre Oase Filtroclear. Le bassin peut fonctionner en mode piscine classique, avec refoulement et prise d&#8217;eau (aspiration) dans le bassin principal, ou en mode piscine \u00e0 d\u00e9bordement, avec prise d&#8217;eau dans un petit bassin secondaire dans lequel se d\u00e9verse le trop plein d&#8217;eau. Dans ce cas le niveau de l&#8217;eau dans le bassin principal reste constant.<\/p>\n\n\n\n<div class=\"wp-block-image\"><figure class=\"aligncenter\"><img loading=\"lazy\" decoding=\"async\" width=\"683\" height=\"1024\" src=\"http:\/\/www.10rdlf.fr\/garden\/wp-content\/uploads\/2020\/01\/DSC_0009-e1580221685364-683x1024.jpg\" alt=\"\" class=\"wp-image-597\" srcset=\"https:\/\/www.galetsetoliviers.fr\/wp-content\/uploads\/2020\/01\/DSC_0009-e1580221685364-683x1024.jpg 683w, https:\/\/www.galetsetoliviers.fr\/wp-content\/uploads\/2020\/01\/DSC_0009-e1580221685364-200x300.jpg 200w, https:\/\/www.galetsetoliviers.fr\/wp-content\/uploads\/2020\/01\/DSC_0009-e1580221685364-768x1152.jpg 768w, https:\/\/www.galetsetoliviers.fr\/wp-content\/uploads\/2020\/01\/DSC_0009-e1580221685364-1200x1800.jpg 1200w\" sizes=\"(max-width: 683px) 85vw, 683px\" \/><figcaption>Le petit bassin de d\u00e9versement, environ 150l<\/figcaption><\/figure><\/div>\n\n\n\n<h4 class=\"wp-block-heading\">Le grand bassin<\/h4>\n\n\n\n<p>Le second (grand) bassin fait environ 3x5m. L&#8217;\u00e9tanch\u00e9it\u00e9 est assur\u00e9e par une b\u00e2che EPDM, le contour est en bois\/briques pour cacher la b\u00e2che.<\/p>\n\n\n\n<div class=\"wp-block-image\"><figure class=\"aligncenter size-large\"><img loading=\"lazy\" decoding=\"async\" width=\"683\" height=\"1024\" src=\"https:\/\/www.galetsetoliviers.fr\/wp-content\/uploads\/2021\/09\/DSC_0622-scaled-e1631107374865-683x1024.jpg\" alt=\"\" class=\"wp-image-1592\" srcset=\"https:\/\/www.galetsetoliviers.fr\/wp-content\/uploads\/2021\/09\/DSC_0622-scaled-e1631107374865-683x1024.jpg 683w, https:\/\/www.galetsetoliviers.fr\/wp-content\/uploads\/2021\/09\/DSC_0622-scaled-e1631107374865-200x300.jpg 200w, https:\/\/www.galetsetoliviers.fr\/wp-content\/uploads\/2021\/09\/DSC_0622-scaled-e1631107374865-768x1152.jpg 768w, https:\/\/www.galetsetoliviers.fr\/wp-content\/uploads\/2021\/09\/DSC_0622-scaled-e1631107374865-1024x1536.jpg 1024w, https:\/\/www.galetsetoliviers.fr\/wp-content\/uploads\/2021\/09\/DSC_0622-scaled-e1631107374865-1366x2048.jpg 1366w, https:\/\/www.galetsetoliviers.fr\/wp-content\/uploads\/2021\/09\/DSC_0622-scaled-e1631107374865-1200x1800.jpg 1200w, https:\/\/www.galetsetoliviers.fr\/wp-content\/uploads\/2021\/09\/DSC_0622-scaled-e1631107374865.jpg 1707w\" sizes=\"(max-width: 683px) 85vw, 683px\" \/><figcaption>Grand bassin en \u00e9t\u00e9 (le niveau d&#8217;eau est tr\u00e8s bas)<\/figcaption><\/figure><\/div>\n\n\n\n<p>L&#8217;eau circule entre les deux bassins. L&#8217;aspiration est faite dans le grand bassin, le rejet se fait dans le petit. <\/p>\n\n\n\n<figure class=\"wp-block-image size-large\"><img loading=\"lazy\" decoding=\"async\" width=\"1024\" height=\"683\" src=\"https:\/\/www.galetsetoliviers.fr\/wp-content\/uploads\/2021\/09\/DSC_0490-1024x683.jpg\" alt=\"\" class=\"wp-image-1566\" srcset=\"https:\/\/www.galetsetoliviers.fr\/wp-content\/uploads\/2021\/09\/DSC_0490-1024x683.jpg 1024w, https:\/\/www.galetsetoliviers.fr\/wp-content\/uploads\/2021\/09\/DSC_0490-300x200.jpg 300w, https:\/\/www.galetsetoliviers.fr\/wp-content\/uploads\/2021\/09\/DSC_0490-768x512.jpg 768w, https:\/\/www.galetsetoliviers.fr\/wp-content\/uploads\/2021\/09\/DSC_0490-1536x1024.jpg 1536w, https:\/\/www.galetsetoliviers.fr\/wp-content\/uploads\/2021\/09\/DSC_0490-2048x1365.jpg 2048w, https:\/\/www.galetsetoliviers.fr\/wp-content\/uploads\/2021\/09\/DSC_0490-1200x800.jpg 1200w\" sizes=\"(max-width: 709px) 85vw, (max-width: 909px) 67vw, (max-width: 1362px) 62vw, 840px\" \/><figcaption>Flore du grand bassin en \u00e9t\u00e9<\/figcaption><\/figure>\n\n\n\n<h4 class=\"wp-block-heading\">Quelques images de la construction, pour les bricoleurs.<\/h4>\n\n\n\n<div class=\"wp-block-image\"><figure class=\"aligncenter\"><img loading=\"lazy\" decoding=\"async\" width=\"1024\" height=\"683\" src=\"http:\/\/www.10rdlf.fr\/garden\/wp-content\/uploads\/2020\/01\/DSC_0740-1024x683.jpg\" alt=\"\" class=\"wp-image-435\" srcset=\"https:\/\/www.galetsetoliviers.fr\/wp-content\/uploads\/2020\/01\/DSC_0740-1024x683.jpg 1024w, https:\/\/www.galetsetoliviers.fr\/wp-content\/uploads\/2020\/01\/DSC_0740-300x200.jpg 300w, https:\/\/www.galetsetoliviers.fr\/wp-content\/uploads\/2020\/01\/DSC_0740-768x512.jpg 768w, https:\/\/www.galetsetoliviers.fr\/wp-content\/uploads\/2020\/01\/DSC_0740-1200x800.jpg 1200w\" sizes=\"(max-width: 709px) 85vw, (max-width: 909px) 67vw, (max-width: 1362px) 62vw, 840px\" \/><figcaption>Un gros trou pour la partie centrale enterr\u00e9e<\/figcaption><\/figure><\/div>\n\n\n\n<figure class=\"wp-block-image\"><img loading=\"lazy\" decoding=\"async\" width=\"1024\" height=\"683\" src=\"http:\/\/www.10rdlf.fr\/garden\/wp-content\/uploads\/2020\/01\/DSC_0750-1024x683.jpg\" alt=\"\" class=\"wp-image-436\" srcset=\"https:\/\/www.galetsetoliviers.fr\/wp-content\/uploads\/2020\/01\/DSC_0750-1024x683.jpg 1024w, https:\/\/www.galetsetoliviers.fr\/wp-content\/uploads\/2020\/01\/DSC_0750-300x200.jpg 300w, https:\/\/www.galetsetoliviers.fr\/wp-content\/uploads\/2020\/01\/DSC_0750-768x512.jpg 768w, https:\/\/www.galetsetoliviers.fr\/wp-content\/uploads\/2020\/01\/DSC_0750-1200x800.jpg 1200w\" sizes=\"(max-width: 709px) 85vw, (max-width: 909px) 67vw, (max-width: 1362px) 62vw, 840px\" \/><figcaption>Le radier central et les blocs \u00e0 bancher termin\u00e9s ;  pr\u00eat \u00e0 couler les radiers lat\u00e9raux<\/figcaption><\/figure>\n\n\n\n<figure class=\"wp-block-image\"><img loading=\"lazy\" decoding=\"async\" width=\"1024\" height=\"683\" src=\"http:\/\/www.10rdlf.fr\/garden\/wp-content\/uploads\/2020\/01\/DSC_0756-1024x683.jpg\" alt=\"\" class=\"wp-image-437\" srcset=\"https:\/\/www.galetsetoliviers.fr\/wp-content\/uploads\/2020\/01\/DSC_0756-1024x683.jpg 1024w, https:\/\/www.galetsetoliviers.fr\/wp-content\/uploads\/2020\/01\/DSC_0756-300x200.jpg 300w, https:\/\/www.galetsetoliviers.fr\/wp-content\/uploads\/2020\/01\/DSC_0756-768x512.jpg 768w, https:\/\/www.galetsetoliviers.fr\/wp-content\/uploads\/2020\/01\/DSC_0756-1200x800.jpg 1200w\" sizes=\"(max-width: 709px) 85vw, (max-width: 909px) 67vw, (max-width: 1362px) 62vw, 840px\" \/><figcaption>La pr\u00e9paration des murs, coffrage \u00e0 l&#8217;int\u00e9rieur, briques et galets \u00e0 l&#8217;ext\u00e9rieur<\/figcaption><\/figure>\n\n\n\n<figure class=\"wp-block-image\"><img loading=\"lazy\" decoding=\"async\" width=\"1024\" height=\"683\" src=\"http:\/\/www.10rdlf.fr\/garden\/wp-content\/uploads\/2020\/01\/DSC_0764-1024x683.jpg\" alt=\"\" class=\"wp-image-438\" srcset=\"https:\/\/www.galetsetoliviers.fr\/wp-content\/uploads\/2020\/01\/DSC_0764-1024x683.jpg 1024w, https:\/\/www.galetsetoliviers.fr\/wp-content\/uploads\/2020\/01\/DSC_0764-300x200.jpg 300w, https:\/\/www.galetsetoliviers.fr\/wp-content\/uploads\/2020\/01\/DSC_0764-768x512.jpg 768w, https:\/\/www.galetsetoliviers.fr\/wp-content\/uploads\/2020\/01\/DSC_0764-1200x800.jpg 1200w\" sizes=\"(max-width: 709px) 85vw, (max-width: 909px) 67vw, (max-width: 1362px) 62vw, 840px\" \/><figcaption>Les murs, une fois mont\u00e9s ; il reste \u00e0 faire les joins des galets et des briques<\/figcaption><\/figure>\n\n\n\n<figure class=\"wp-block-image\"><img loading=\"lazy\" decoding=\"async\" width=\"1024\" height=\"683\" src=\"http:\/\/www.10rdlf.fr\/garden\/wp-content\/uploads\/2020\/01\/DSC_0846-1024x683.jpg\" alt=\"\" class=\"wp-image-439\" srcset=\"https:\/\/www.galetsetoliviers.fr\/wp-content\/uploads\/2020\/01\/DSC_0846-1024x683.jpg 1024w, https:\/\/www.galetsetoliviers.fr\/wp-content\/uploads\/2020\/01\/DSC_0846-300x200.jpg 300w, https:\/\/www.galetsetoliviers.fr\/wp-content\/uploads\/2020\/01\/DSC_0846-768x512.jpg 768w, https:\/\/www.galetsetoliviers.fr\/wp-content\/uploads\/2020\/01\/DSC_0846-1200x800.jpg 1200w\" sizes=\"(max-width: 709px) 85vw, (max-width: 909px) 67vw, (max-width: 1362px) 62vw, 840px\" \/><figcaption>Une des multiples couches d&#8217;enduit (5 au total). On distingue bien la partie centrale de 1.2m de profondeur ; au premier plan, le trop plein d&#8217;eau<\/figcaption><\/figure>\n","protected":false},"excerpt":{"rendered":"<p>&#8220;L&#8217;avantage des plantes aquatiques, c&#8217;est qu&#8217;elles n&#8217;ont pas besoin d&#8217;arrosage&#8221; \u2014 lpj Le petit bassin Le petit basin du jardin a \u00e9t\u00e9 mis en valeur en le sur\u00e9levant. On peut s&#8217;assoir sur les margelles pour regarder l&#8217;eau et les poissons. Les dimension sont 1.4m x 2.4 en surface, 60cm de profondeur sur les extr\u00e9mit\u00e9s, 1.2m &hellip; <a href=\"https:\/\/www.galetsetoliviers.fr\/?page_id=427\" class=\"more-link\">Continue reading<span class=\"screen-reader-text\"> &#8220;Les bassins&#8221;<\/span><\/a><\/p>\n","protected":false},"author":2,"featured_media":0,"parent":0,"menu_order":0,"comment_status":"closed","ping_status":"closed","template":"","meta":{"footnotes":""},"_links":{"self":[{"href":"https:\/\/www.galetsetoliviers.fr\/index.php?rest_route=\/wp\/v2\/pages\/427"}],"collection":[{"href":"https:\/\/www.galetsetoliviers.fr\/index.php?rest_route=\/wp\/v2\/pages"}],"about":[{"href":"https:\/\/www.galetsetoliviers.fr\/index.php?rest_route=\/wp\/v2\/types\/page"}],"author":[{"embeddable":true,"href":"https:\/\/www.galetsetoliviers.fr\/index.php?rest_route=\/wp\/v2\/users\/2"}],"replies":[{"embeddable":true,"href":"https:\/\/www.galetsetoliviers.fr\/index.php?rest_route=%2Fwp%2Fv2%2Fcomments&post=427"}],"version-history":[{"count":24,"href":"https:\/\/www.galetsetoliviers.fr\/index.php?rest_route=\/wp\/v2\/pages\/427\/revisions"}],"predecessor-version":[{"id":1609,"href":"https:\/\/www.galetsetoliviers.fr\/index.php?rest_route=\/wp\/v2\/pages\/427\/revisions\/1609"}],"wp:attachment":[{"href":"https:\/\/www.galetsetoliviers.fr\/index.php?rest_route=%2Fwp%2Fv2%2Fmedia&parent=427"}],"curies":[{"name":"wp","href":"https:\/\/api.w.org\/{rel}","templated":true}]}}