{"id":451,"date":"2020-01-17T11:26:42","date_gmt":"2020-01-17T10:26:42","guid":{"rendered":"http:\/\/www.10rdlf.fr\/garden\/?page_id=451"},"modified":"2021-09-08T11:11:02","modified_gmt":"2021-09-08T09:11:02","slug":"le-potager-sureleve","status":"publish","type":"page","link":"https:\/\/www.galetsetoliviers.fr\/?page_id=451","title":{"rendered":"Le potager sur\u00e9lev\u00e9"},"content":{"rendered":"\n<div class=\"wp-block-image\"><figure class=\"aligncenter size-large is-resized\"><img loading=\"lazy\" decoding=\"async\" src=\"https:\/\/www.galetsetoliviers.fr\/wp-content\/uploads\/2020\/06\/DSC_0676-1024x683.jpg\" alt=\"\" class=\"wp-image-807\" width=\"768\" height=\"512\" srcset=\"https:\/\/www.galetsetoliviers.fr\/wp-content\/uploads\/2020\/06\/DSC_0676-1024x683.jpg 1024w, https:\/\/www.galetsetoliviers.fr\/wp-content\/uploads\/2020\/06\/DSC_0676-300x200.jpg 300w, https:\/\/www.galetsetoliviers.fr\/wp-content\/uploads\/2020\/06\/DSC_0676-768x512.jpg 768w, https:\/\/www.galetsetoliviers.fr\/wp-content\/uploads\/2020\/06\/DSC_0676-1200x800.jpg 1200w\" sizes=\"(max-width: 768px) 85vw, 768px\" \/><figcaption>Le potager sur\u00e9lev\u00e9<\/figcaption><\/figure><\/div>\n\n\n\n<p>A la vue de potagers en plessis sur Internet, et \u00e0 la vue d&#8217;un gros tas de tuiles dont nous ne savons que faire, l&#8217;id\u00e9e est venue d&#8217;un potager sur\u00e9lev\u00e9 en tuiles canal. Le potager est d\u00e9limit\u00e9 par 8 piquets en acacia (des vieux piquets de vigne r\u00e9cup\u00e9r\u00e9s chez les voisins), et les tuiles reposent sur des bambous \u00e0 l&#8217;horizontal (des fers \u00e0 b\u00e9ton devraient aussi faire l&#8217;affaire). Pour s&#8217;assoir, de simples planches \u00e0 coffrer couvrent les tuiles.<\/p>\n\n\n\n<p>Les tuiles ne pourrissent pas au contact de la terre, contrairement \u00e0 un plessis classique en branches qui doit un jour ou l&#8217;autre \u00eatre remplac\u00e9.<\/p>\n\n\n\n<p>Ces potager sont utilis\u00e9s essentiellement pour des plantes aromatiques annuelles, ou des cultures rapides (radis, roquette&#8230;).<\/p>\n\n\n\n<figure class=\"wp-block-gallery columns-1 is-cropped wp-block-gallery-1 is-layout-flex wp-block-gallery-is-layout-flex\"><ul class=\"blocks-gallery-grid\"><li class=\"blocks-gallery-item\"><figure><img loading=\"lazy\" decoding=\"async\" width=\"1024\" height=\"683\" src=\"https:\/\/www.galetsetoliviers.fr\/wp-content\/uploads\/2020\/01\/DSC_0914-1024x683.jpg\" alt=\"\" data-id=\"342\" data-full-url=\"https:\/\/www.galetsetoliviers.fr\/wp-content\/uploads\/2020\/01\/DSC_0914.jpg\" data-link=\"https:\/\/www.galetsetoliviers.fr\/?attachment_id=342\" class=\"wp-image-342\" srcset=\"https:\/\/www.galetsetoliviers.fr\/wp-content\/uploads\/2020\/01\/DSC_0914-1024x683.jpg 1024w, https:\/\/www.galetsetoliviers.fr\/wp-content\/uploads\/2020\/01\/DSC_0914-300x200.jpg 300w, https:\/\/www.galetsetoliviers.fr\/wp-content\/uploads\/2020\/01\/DSC_0914-768x512.jpg 768w, https:\/\/www.galetsetoliviers.fr\/wp-content\/uploads\/2020\/01\/DSC_0914-1200x800.jpg 1200w\" sizes=\"(max-width: 709px) 85vw, (max-width: 909px) 67vw, (max-width: 1362px) 62vw, 840px\" \/><figcaption class=\"blocks-gallery-item__caption\">Le produit fini<\/figcaption><\/figure><\/li><li class=\"blocks-gallery-item\"><figure><img loading=\"lazy\" decoding=\"async\" width=\"1024\" height=\"838\" src=\"https:\/\/www.galetsetoliviers.fr\/wp-content\/uploads\/2020\/01\/IMG_20200106_150932-e1579257246771-1024x838.jpg\" alt=\"\" data-id=\"453\" data-full-url=\"https:\/\/www.galetsetoliviers.fr\/wp-content\/uploads\/2020\/01\/IMG_20200106_150932-e1579257246771.jpg\" data-link=\"https:\/\/www.galetsetoliviers.fr\/?attachment_id=453\" class=\"wp-image-453\" srcset=\"https:\/\/www.galetsetoliviers.fr\/wp-content\/uploads\/2020\/01\/IMG_20200106_150932-e1579257246771-1024x838.jpg 1024w, https:\/\/www.galetsetoliviers.fr\/wp-content\/uploads\/2020\/01\/IMG_20200106_150932-e1579257246771-300x245.jpg 300w, https:\/\/www.galetsetoliviers.fr\/wp-content\/uploads\/2020\/01\/IMG_20200106_150932-e1579257246771-768x628.jpg 768w, https:\/\/www.galetsetoliviers.fr\/wp-content\/uploads\/2020\/01\/IMG_20200106_150932-e1579257246771-1200x982.jpg 1200w\" sizes=\"(max-width: 709px) 85vw, (max-width: 909px) 67vw, (max-width: 1362px) 62vw, 840px\" \/><figcaption class=\"blocks-gallery-item__caption\">Les montants<\/figcaption><\/figure><\/li><li class=\"blocks-gallery-item\"><figure><img loading=\"lazy\" decoding=\"async\" width=\"768\" height=\"1024\" src=\"https:\/\/www.galetsetoliviers.fr\/wp-content\/uploads\/2020\/04\/IMG_20200208_152750-768x1024.jpg\" alt=\"\" data-id=\"657\" data-full-url=\"https:\/\/www.galetsetoliviers.fr\/wp-content\/uploads\/2020\/04\/IMG_20200208_152750.jpg\" data-link=\"https:\/\/www.galetsetoliviers.fr\/?attachment_id=657\" class=\"wp-image-657\" srcset=\"https:\/\/www.galetsetoliviers.fr\/wp-content\/uploads\/2020\/04\/IMG_20200208_152750-768x1024.jpg 768w, https:\/\/www.galetsetoliviers.fr\/wp-content\/uploads\/2020\/04\/IMG_20200208_152750-225x300.jpg 225w, https:\/\/www.galetsetoliviers.fr\/wp-content\/uploads\/2020\/04\/IMG_20200208_152750-1200x1600.jpg 1200w\" sizes=\"(max-width: 768px) 85vw, 768px\" \/><figcaption class=\"blocks-gallery-item__caption\">Le d\u00e9but du remplissage<\/figcaption><\/figure><\/li><li class=\"blocks-gallery-item\"><figure><img loading=\"lazy\" decoding=\"async\" width=\"1024\" height=\"768\" src=\"https:\/\/www.galetsetoliviers.fr\/wp-content\/uploads\/2020\/06\/IMG_20200414_100430-1024x768.jpg\" alt=\"\" data-id=\"774\" data-full-url=\"https:\/\/www.galetsetoliviers.fr\/wp-content\/uploads\/2020\/06\/IMG_20200414_100430.jpg\" data-link=\"https:\/\/www.galetsetoliviers.fr\/?attachment_id=774\" class=\"wp-image-774\" srcset=\"https:\/\/www.galetsetoliviers.fr\/wp-content\/uploads\/2020\/06\/IMG_20200414_100430-1024x768.jpg 1024w, https:\/\/www.galetsetoliviers.fr\/wp-content\/uploads\/2020\/06\/IMG_20200414_100430-300x225.jpg 300w, https:\/\/www.galetsetoliviers.fr\/wp-content\/uploads\/2020\/06\/IMG_20200414_100430-768x576.jpg 768w, https:\/\/www.galetsetoliviers.fr\/wp-content\/uploads\/2020\/06\/IMG_20200414_100430-1200x900.jpg 1200w\" sizes=\"(max-width: 709px) 85vw, (max-width: 909px) 67vw, (max-width: 1362px) 62vw, 840px\" \/><figcaption class=\"blocks-gallery-item__caption\">A peine fini et d\u00e9j\u00e0 (trop) rempli : aneth, coriandre, radis, roquette.<\/figcaption><\/figure><\/li><\/ul><\/figure>\n\n\n\n<figure class=\"wp-block-image size-large\"><img loading=\"lazy\" decoding=\"async\" width=\"683\" height=\"1024\" src=\"https:\/\/www.galetsetoliviers.fr\/wp-content\/uploads\/2021\/09\/DSC_0241-scaled-e1631091910583-683x1024.jpg\" alt=\"\" class=\"wp-image-1558\" srcset=\"https:\/\/www.galetsetoliviers.fr\/wp-content\/uploads\/2021\/09\/DSC_0241-scaled-e1631091910583-683x1024.jpg 683w, https:\/\/www.galetsetoliviers.fr\/wp-content\/uploads\/2021\/09\/DSC_0241-scaled-e1631091910583-200x300.jpg 200w, https:\/\/www.galetsetoliviers.fr\/wp-content\/uploads\/2021\/09\/DSC_0241-scaled-e1631091910583-768x1152.jpg 768w, https:\/\/www.galetsetoliviers.fr\/wp-content\/uploads\/2021\/09\/DSC_0241-scaled-e1631091910583-1024x1536.jpg 1024w, https:\/\/www.galetsetoliviers.fr\/wp-content\/uploads\/2021\/09\/DSC_0241-scaled-e1631091910583-1366x2048.jpg 1366w, https:\/\/www.galetsetoliviers.fr\/wp-content\/uploads\/2021\/09\/DSC_0241-scaled-e1631091910583-1200x1800.jpg 1200w, https:\/\/www.galetsetoliviers.fr\/wp-content\/uploads\/2021\/09\/DSC_0241-scaled-e1631091910583.jpg 1707w\" sizes=\"(max-width: 683px) 85vw, 683px\" \/><figcaption>Et de quatre&#8230; Celui ci est utilis\u00e9 pour garder les plantes encore fragiles qui viennent d\u2019\u00eatre transplant\u00e9es en pot. La structure en bambou sera couverte de canisse pour les garder \u00e0 l&#8217;ombre en \u00e9t\u00e9 <\/figcaption><\/figure>\n\n\n\n<div class=\"wp-block-image\"><figure class=\"aligncenter size-large is-resized\"><a href=\"#\"><img loading=\"lazy\" decoding=\"async\" src=\"https:\/\/www.galetsetoliviers.fr\/wp-content\/uploads\/2021\/03\/up-chevron-button.png\" alt=\"\" class=\"wp-image-1390\" width=\"32\" height=\"32\" srcset=\"https:\/\/www.galetsetoliviers.fr\/wp-content\/uploads\/2021\/03\/up-chevron-button.png 256w, https:\/\/www.galetsetoliviers.fr\/wp-content\/uploads\/2021\/03\/up-chevron-button-150x150.png 150w\" sizes=\"(max-width: 32px) 85vw, 32px\" \/><\/a><\/figure><\/div>\n","protected":false},"excerpt":{"rendered":"<p>A la vue de potagers en plessis sur Internet, et \u00e0 la vue d&#8217;un gros tas de tuiles dont nous ne savons que faire, l&#8217;id\u00e9e est venue d&#8217;un potager sur\u00e9lev\u00e9 en tuiles canal. Le potager est d\u00e9limit\u00e9 par 8 piquets en acacia (des vieux piquets de vigne r\u00e9cup\u00e9r\u00e9s chez les voisins), et les tuiles reposent &hellip; <a href=\"https:\/\/www.galetsetoliviers.fr\/?page_id=451\" class=\"more-link\">Continue reading<span class=\"screen-reader-text\"> &#8220;Le potager sur\u00e9lev\u00e9&#8221;<\/span><\/a><\/p>\n","protected":false},"author":2,"featured_media":0,"parent":0,"menu_order":0,"comment_status":"closed","ping_status":"closed","template":"","meta":{"footnotes":""},"_links":{"self":[{"href":"https:\/\/www.galetsetoliviers.fr\/index.php?rest_route=\/wp\/v2\/pages\/451"}],"collection":[{"href":"https:\/\/www.galetsetoliviers.fr\/index.php?rest_route=\/wp\/v2\/pages"}],"about":[{"href":"https:\/\/www.galetsetoliviers.fr\/index.php?rest_route=\/wp\/v2\/types\/page"}],"author":[{"embeddable":true,"href":"https:\/\/www.galetsetoliviers.fr\/index.php?rest_route=\/wp\/v2\/users\/2"}],"replies":[{"embeddable":true,"href":"https:\/\/www.galetsetoliviers.fr\/index.php?rest_route=%2Fwp%2Fv2%2Fcomments&post=451"}],"version-history":[{"count":12,"href":"https:\/\/www.galetsetoliviers.fr\/index.php?rest_route=\/wp\/v2\/pages\/451\/revisions"}],"predecessor-version":[{"id":1574,"href":"https:\/\/www.galetsetoliviers.fr\/index.php?rest_route=\/wp\/v2\/pages\/451\/revisions\/1574"}],"wp:attachment":[{"href":"https:\/\/www.galetsetoliviers.fr\/index.php?rest_route=%2Fwp%2Fv2%2Fmedia&parent=451"}],"curies":[{"name":"wp","href":"https:\/\/api.w.org\/{rel}","templated":true}]}}