{"id":56,"date":"2019-12-11T09:54:33","date_gmt":"2019-12-11T09:54:33","guid":{"rendered":"http:\/\/www.10rdlf.fr\/garden\/?page_id=56"},"modified":"2021-09-08T11:48:37","modified_gmt":"2021-09-08T09:48:37","slug":"plantes-potageres","status":"publish","type":"page","link":"https:\/\/www.galetsetoliviers.fr\/?page_id=56","title":{"rendered":"Plantes Potag\u00e8res"},"content":{"rendered":"\n<p><a href=\"#artichaut\">Artichaut<\/a><br><a href=\"#oseille\">Oseille<\/a><br><a href=\"#petits_pois\">Petits pois\/pois mangetout\/f\u00e8ves<\/a><br><a href=\"#poireau\">Poireau<\/a><br><a href=\"#rhubarbe\">Rhubarbe<\/a><br><a href=\"#topinambour\">Topinambour<\/a><br><\/p>\n\n\n\n<h3 class=\"wp-block-heading\" id=\"artichaut\"><\/h3>\n\n\n\n<hr class=\"wp-block-separator is-style-wide\"\/>\n\n\n\n<h3 class=\"wp-block-heading\">Artichaut<\/h3>\n\n\n\n<p>Plante vivace qui ne pr\u00e9sente aucun probl\u00e8me de culture ; on est suppos\u00e9 les changer de place tout les 3 \u00e0 5 ans, mais \u00e7a n&#8217;a jamais \u00e9t\u00e9 fait ici, les artichauts sont petits mais toujours bons.  Sans arrosage les feuilles s\u00e8chent et disparaissent pendant l&#8217;\u00e9t\u00e9 pour repartir apr\u00e8s les premi\u00e8res pluies d&#8217;automne. Il semblerait que le plus d&#8217;eau en \u00e9t\u00e9 (arrosage), la meilleure la r\u00e9colte au printemps.  Les plants doivent \u00eatre prot\u00e9g\u00e9s du froid par un paillage si la temp\u00e9rature descend trop (&lt; 10\u00b0C) ; en 2012, quand la temp\u00e9rature est descendue \u00e0 -12\u00b0C, 30% des plants sont morts par manque de protection.<\/p>\n\n\n\n<div class=\"wp-block-image\"><figure class=\"aligncenter is-resized\"><img loading=\"lazy\" decoding=\"async\" src=\"http:\/\/www.10rdlf.fr\/garden\/wp-content\/uploads\/2020\/01\/France-2015149-e1579084273326-1024x881.jpg\" alt=\"\" class=\"wp-image-287\" width=\"541\" height=\"465\" srcset=\"https:\/\/www.galetsetoliviers.fr\/wp-content\/uploads\/2020\/01\/France-2015149-e1579084273326-1024x881.jpg 1024w, https:\/\/www.galetsetoliviers.fr\/wp-content\/uploads\/2020\/01\/France-2015149-e1579084273326-300x258.jpg 300w, https:\/\/www.galetsetoliviers.fr\/wp-content\/uploads\/2020\/01\/France-2015149-e1579084273326-768x661.jpg 768w, https:\/\/www.galetsetoliviers.fr\/wp-content\/uploads\/2020\/01\/France-2015149-e1579084273326-1200x1033.jpg 1200w\" sizes=\"(max-width: 541px) 85vw, 541px\" \/><\/figure><\/div>\n\n\n\n<p>Vu leurs tailles, il est pr\u00e9f\u00e9rable de les planter en bordure du potager. Ils font aussi de belles plantes d\u00e9coratives. Nos artichauts ne sont pas arros\u00e9s, sauf bien sur la premi\u00e8re ann\u00e9e de plantation pour assurer une bonne reprise.<\/p>\n\n\n\n<p>La reproduction se fait par pr\u00e9l\u00e8vement et plantation des \u0153illetons en automne ou printemps. Mais du \u00e0 nos \u00e9t\u00e9s tr\u00e8s chauds qui peuvent tuer des plants trop jeunes et pas encore \u00e9tablis, je pr\u00e9f\u00e8re le faire en automne. D\u00e9s qu&#8217;ils apparaissent en automne, je d\u00e9terre une partie d&#8217;un plant et garde les \u0153illetons en pot pour bien pouvoir les prot\u00e9ger en hiver, et je les plante en place fin hiver.<\/p>\n\n\n\n<figure class=\"wp-block-gallery columns-1 is-cropped wp-block-gallery-1 is-layout-flex wp-block-gallery-is-layout-flex\"><ul class=\"blocks-gallery-grid\"><li class=\"blocks-gallery-item\"><figure><img loading=\"lazy\" decoding=\"async\" width=\"1024\" height=\"768\" src=\"https:\/\/www.galetsetoliviers.fr\/wp-content\/uploads\/2020\/12\/IMG_20201018_105320-1024x768.jpg\" alt=\"\" data-id=\"1061\" data-full-url=\"https:\/\/www.galetsetoliviers.fr\/wp-content\/uploads\/2020\/12\/IMG_20201018_105320-scaled.jpg\" data-link=\"https:\/\/www.galetsetoliviers.fr\/?attachment_id=1061\" class=\"wp-image-1061\" srcset=\"https:\/\/www.galetsetoliviers.fr\/wp-content\/uploads\/2020\/12\/IMG_20201018_105320-1024x768.jpg 1024w, https:\/\/www.galetsetoliviers.fr\/wp-content\/uploads\/2020\/12\/IMG_20201018_105320-300x225.jpg 300w, https:\/\/www.galetsetoliviers.fr\/wp-content\/uploads\/2020\/12\/IMG_20201018_105320-768x576.jpg 768w, https:\/\/www.galetsetoliviers.fr\/wp-content\/uploads\/2020\/12\/IMG_20201018_105320-1536x1152.jpg 1536w, https:\/\/www.galetsetoliviers.fr\/wp-content\/uploads\/2020\/12\/IMG_20201018_105320-2048x1536.jpg 2048w, https:\/\/www.galetsetoliviers.fr\/wp-content\/uploads\/2020\/12\/IMG_20201018_105320-1200x900.jpg 1200w\" sizes=\"(max-width: 709px) 85vw, (max-width: 909px) 67vw, (max-width: 1362px) 62vw, 840px\" \/><figcaption class=\"blocks-gallery-item__caption\">Une partie du plant d\u00e9terr\u00e9 ; notez la grosse racine principale<\/figcaption><\/figure><\/li><li class=\"blocks-gallery-item\"><figure><img loading=\"lazy\" decoding=\"async\" width=\"1024\" height=\"768\" src=\"https:\/\/www.galetsetoliviers.fr\/wp-content\/uploads\/2020\/12\/IMG_20201018_105822-1024x768.jpg\" alt=\"\" data-id=\"1062\" data-full-url=\"https:\/\/www.galetsetoliviers.fr\/wp-content\/uploads\/2020\/12\/IMG_20201018_105822-scaled.jpg\" data-link=\"https:\/\/www.galetsetoliviers.fr\/?attachment_id=1062\" class=\"wp-image-1062\" srcset=\"https:\/\/www.galetsetoliviers.fr\/wp-content\/uploads\/2020\/12\/IMG_20201018_105822-1024x768.jpg 1024w, https:\/\/www.galetsetoliviers.fr\/wp-content\/uploads\/2020\/12\/IMG_20201018_105822-300x225.jpg 300w, https:\/\/www.galetsetoliviers.fr\/wp-content\/uploads\/2020\/12\/IMG_20201018_105822-768x576.jpg 768w, https:\/\/www.galetsetoliviers.fr\/wp-content\/uploads\/2020\/12\/IMG_20201018_105822-1536x1152.jpg 1536w, https:\/\/www.galetsetoliviers.fr\/wp-content\/uploads\/2020\/12\/IMG_20201018_105822-2048x1536.jpg 2048w, https:\/\/www.galetsetoliviers.fr\/wp-content\/uploads\/2020\/12\/IMG_20201018_105822-1200x900.jpg 1200w\" sizes=\"(max-width: 709px) 85vw, (max-width: 909px) 67vw, (max-width: 1362px) 62vw, 840px\" \/><figcaption class=\"blocks-gallery-item__caption\">Les \u0153illetons nettoy\u00e9s&#8230; Le plus petit, sans racine, reste accroch\u00e9 \u00e0 la racine principale<\/figcaption><\/figure><\/li><li class=\"blocks-gallery-item\"><figure><img loading=\"lazy\" decoding=\"async\" width=\"1024\" height=\"768\" src=\"https:\/\/www.galetsetoliviers.fr\/wp-content\/uploads\/2020\/12\/IMG_20201018_110346-1024x768.jpg\" alt=\"\" data-id=\"1063\" data-full-url=\"https:\/\/www.galetsetoliviers.fr\/wp-content\/uploads\/2020\/12\/IMG_20201018_110346-scaled.jpg\" data-link=\"https:\/\/www.galetsetoliviers.fr\/?attachment_id=1063\" class=\"wp-image-1063\" srcset=\"https:\/\/www.galetsetoliviers.fr\/wp-content\/uploads\/2020\/12\/IMG_20201018_110346-1024x768.jpg 1024w, https:\/\/www.galetsetoliviers.fr\/wp-content\/uploads\/2020\/12\/IMG_20201018_110346-300x225.jpg 300w, https:\/\/www.galetsetoliviers.fr\/wp-content\/uploads\/2020\/12\/IMG_20201018_110346-768x576.jpg 768w, https:\/\/www.galetsetoliviers.fr\/wp-content\/uploads\/2020\/12\/IMG_20201018_110346-1536x1152.jpg 1536w, https:\/\/www.galetsetoliviers.fr\/wp-content\/uploads\/2020\/12\/IMG_20201018_110346-2048x1536.jpg 2048w, https:\/\/www.galetsetoliviers.fr\/wp-content\/uploads\/2020\/12\/IMG_20201018_110346-1200x900.jpg 1200w\" sizes=\"(max-width: 709px) 85vw, (max-width: 909px) 67vw, (max-width: 1362px) 62vw, 840px\" \/><figcaption class=\"blocks-gallery-item__caption\">&#8230; et en pots pour l&#8217;hiver<\/figcaption><\/figure><\/li><\/ul><\/figure>\n\n\n\n<div class=\"wp-block-image\"><figure class=\"aligncenter size-large\"><img loading=\"lazy\" decoding=\"async\" width=\"683\" height=\"1024\" src=\"https:\/\/www.galetsetoliviers.fr\/wp-content\/uploads\/2021\/09\/DSC_0501-scaled-e1630938149968-683x1024.jpg\" alt=\"\" class=\"wp-image-1458\" srcset=\"https:\/\/www.galetsetoliviers.fr\/wp-content\/uploads\/2021\/09\/DSC_0501-scaled-e1630938149968-683x1024.jpg 683w, https:\/\/www.galetsetoliviers.fr\/wp-content\/uploads\/2021\/09\/DSC_0501-scaled-e1630938149968-200x300.jpg 200w, https:\/\/www.galetsetoliviers.fr\/wp-content\/uploads\/2021\/09\/DSC_0501-scaled-e1630938149968-768x1152.jpg 768w, https:\/\/www.galetsetoliviers.fr\/wp-content\/uploads\/2021\/09\/DSC_0501-scaled-e1630938149968-1024x1536.jpg 1024w, https:\/\/www.galetsetoliviers.fr\/wp-content\/uploads\/2021\/09\/DSC_0501-scaled-e1630938149968-1366x2048.jpg 1366w, https:\/\/www.galetsetoliviers.fr\/wp-content\/uploads\/2021\/09\/DSC_0501-scaled-e1630938149968-1200x1800.jpg 1200w, https:\/\/www.galetsetoliviers.fr\/wp-content\/uploads\/2021\/09\/DSC_0501-scaled-e1630938149968.jpg 1707w\" sizes=\"(max-width: 683px) 85vw, 683px\" \/><figcaption>La fleur en \u00e9t\u00e9. Le plant est dess\u00e9ch\u00e9 car pas arros\u00e9, mais il fleurit n\u00e9anmoins.<\/figcaption><\/figure><\/div>\n\n\n\n<div class=\"wp-block-image\"><figure class=\"aligncenter size-large is-resized\"><a href=\"#\"><img loading=\"lazy\" decoding=\"async\" src=\"https:\/\/www.galetsetoliviers.fr\/wp-content\/uploads\/2021\/03\/up-chevron-button.png\" alt=\"\" class=\"wp-image-1390\" width=\"32\" height=\"32\" srcset=\"https:\/\/www.galetsetoliviers.fr\/wp-content\/uploads\/2021\/03\/up-chevron-button.png 256w, https:\/\/www.galetsetoliviers.fr\/wp-content\/uploads\/2021\/03\/up-chevron-button-150x150.png 150w\" sizes=\"(max-width: 32px) 85vw, 32px\" \/><\/a><\/figure><\/div>\n\n\n\n<h2 class=\"wp-block-heading\" id=\"oseille\"><\/h2>\n\n\n\n<hr class=\"wp-block-separator is-style-wide\"\/>\n\n\n\n<h3 class=\"wp-block-heading\">Oseille<\/h3>\n\n\n\n<p>Plante vivace dont les feuilles peuvent servir (avec mod\u00e9ration) pour des soupes, tourtes, etc&#8230;<\/p>\n\n\n\n<div class=\"wp-block-image\"><figure class=\"aligncenter size-large\"><img loading=\"lazy\" decoding=\"async\" width=\"1024\" height=\"683\" src=\"https:\/\/www.galetsetoliviers.fr\/wp-content\/uploads\/2021\/09\/DSC_0417-1024x683.jpg\" alt=\"\" class=\"wp-image-1562\" srcset=\"https:\/\/www.galetsetoliviers.fr\/wp-content\/uploads\/2021\/09\/DSC_0417-1024x683.jpg 1024w, https:\/\/www.galetsetoliviers.fr\/wp-content\/uploads\/2021\/09\/DSC_0417-300x200.jpg 300w, https:\/\/www.galetsetoliviers.fr\/wp-content\/uploads\/2021\/09\/DSC_0417-768x512.jpg 768w, https:\/\/www.galetsetoliviers.fr\/wp-content\/uploads\/2021\/09\/DSC_0417-1536x1024.jpg 1536w, https:\/\/www.galetsetoliviers.fr\/wp-content\/uploads\/2021\/09\/DSC_0417-2048x1365.jpg 2048w, https:\/\/www.galetsetoliviers.fr\/wp-content\/uploads\/2021\/09\/DSC_0417-1200x800.jpg 1200w\" sizes=\"(max-width: 709px) 85vw, (max-width: 909px) 67vw, (max-width: 1362px) 62vw, 840px\" \/><\/figure><\/div>\n\n\n\n<div class=\"wp-block-image\"><figure class=\"aligncenter size-large is-resized\"><a href=\"#\"><img loading=\"lazy\" decoding=\"async\" src=\"https:\/\/www.galetsetoliviers.fr\/wp-content\/uploads\/2021\/03\/up-chevron-button.png\" alt=\"\" class=\"wp-image-1390\" width=\"32\" height=\"32\" srcset=\"https:\/\/www.galetsetoliviers.fr\/wp-content\/uploads\/2021\/03\/up-chevron-button.png 256w, https:\/\/www.galetsetoliviers.fr\/wp-content\/uploads\/2021\/03\/up-chevron-button-150x150.png 150w\" sizes=\"(max-width: 32px) 85vw, 32px\" \/><\/a><\/figure><\/div>\n\n\n\n<h3 class=\"wp-block-heading\" id=\"petits_pois\"><\/h3>\n\n\n\n<hr class=\"wp-block-separator is-style-wide\"\/>\n\n\n\n<h3 class=\"wp-block-heading\">Petits pois\/pois mangetout\/f\u00e8ves<\/h3>\n\n\n\n<p>Comme pour le poireau, la date de plantation est tr\u00e8s importante. Semez directement en terre d\u00e9but novembre une vari\u00e9t\u00e9s r\u00e9sistante au froid.  Les plants l\u00e8vent en g\u00e9n\u00e9ral dans le mois, et les premi\u00e8res r\u00e9coltes se font fin avril\/d\u00e9but mai.  Si sem\u00e9s trop t\u00f4t les plants sont trop d\u00e9velopp\u00e9s \u00e0 l&#8217;arriv\u00e9e de l&#8217;hiver et ils ne supporteront pas le froid (paradoxalement les tr\u00e8s jeunes plants r\u00e9sistent mieux au froid). On peut planter plus tard, jusqu&#8217;en mars, mais la r\u00e9colte peut ne pas \u00eatre pr\u00eate quand la chaleur du printemps arrive (25\u00b0C et plus en mai est assez courant ici), et la croissance s&#8217;arr\u00eate. De plus les attaques de pucerons commencent avec la chaleur, et peuvent devenir probl\u00e9matiques en mai\/juin.  A noter que les pois n&#8217;aiment pas la chaleur (&gt; 25\u00b0C), ils s&#8217;arr\u00eatent de cro\u00eetre et se dess\u00e8chent si il fait trop chaud ou trop sec. Les plus belles r\u00e9coltent se sont faites quand le printemps a \u00e9t\u00e9 pluvieux. Par contre si l&#8217;hiver est trop froid on peut perdre une partie des plants, c&#8217;est un risque que l&#8217;on prend en plantant en novembre.  Des pertes sont aussi possibles dues aux mulots\/etc.. qui n&#8217;ont rien d&#8217;autre \u00e0 manger !<\/p>\n\n\n\n<p>Je plante des vari\u00e9t\u00e9s montantes, qui sont support\u00e9es avec du grillage \u00e0 mailles 10cmx10cm maintenu par des fers \u00e0 b\u00e9tons.<\/p>\n\n\n\n<figure class=\"wp-block-image\"><img loading=\"lazy\" decoding=\"async\" width=\"1024\" height=\"553\" src=\"http:\/\/www.10rdlf.fr\/garden\/wp-content\/uploads\/2020\/01\/IMG_20191229_113318-e1579084321892-1024x553.jpg\" alt=\"\" class=\"wp-image-288\" srcset=\"https:\/\/www.galetsetoliviers.fr\/wp-content\/uploads\/2020\/01\/IMG_20191229_113318-e1579084321892-1024x553.jpg 1024w, https:\/\/www.galetsetoliviers.fr\/wp-content\/uploads\/2020\/01\/IMG_20191229_113318-e1579084321892-300x162.jpg 300w, https:\/\/www.galetsetoliviers.fr\/wp-content\/uploads\/2020\/01\/IMG_20191229_113318-e1579084321892-768x415.jpg 768w, https:\/\/www.galetsetoliviers.fr\/wp-content\/uploads\/2020\/01\/IMG_20191229_113318-e1579084321892-1200x648.jpg 1200w\" sizes=\"(max-width: 709px) 85vw, (max-width: 909px) 67vw, (max-width: 1362px) 62vw, 840px\" \/><figcaption>Les semis en d\u00e9but d&#8217;hiver ;  pas plus de 5cm de haut.<\/figcaption><\/figure>\n\n\n\n<p>Pour r\u00e9sumer : Avant novembre, trop t\u00f4t, les plants sont trop d\u00e9velopp\u00e9s pour passer l&#8217;hiver.  D\u00e9but novembre, risque de perte des plants du au froid mais date de r\u00e9colte optimale.  Mars, trop tard, risque d&#8217;arr\u00eat de croissance en mai\/juin, et attaques de pucerons.  A noter que j&#8217;ai vu faire des semis en d\u00e9cembre-f\u00e9vrier, mais le sol trop est froid pour que les graines l\u00e8vent, et c&#8217;est \u00e9quivalent \u00e0 un semis en mars.<\/p>\n\n\n\n<figure class=\"wp-block-image\"><img loading=\"lazy\" decoding=\"async\" width=\"685\" height=\"1024\" src=\"http:\/\/www.10rdlf.fr\/garden\/wp-content\/uploads\/2020\/05\/DSC_0300-e1588595288480-685x1024.jpg\" alt=\"\" class=\"wp-image-717\" srcset=\"https:\/\/www.galetsetoliviers.fr\/wp-content\/uploads\/2020\/05\/DSC_0300-e1588595288480-685x1024.jpg 685w, https:\/\/www.galetsetoliviers.fr\/wp-content\/uploads\/2020\/05\/DSC_0300-e1588595288480-201x300.jpg 201w, https:\/\/www.galetsetoliviers.fr\/wp-content\/uploads\/2020\/05\/DSC_0300-e1588595288480-768x1148.jpg 768w, https:\/\/www.galetsetoliviers.fr\/wp-content\/uploads\/2020\/05\/DSC_0300-e1588595288480-1200x1794.jpg 1200w\" sizes=\"(max-width: 685px) 85vw, 685px\" \/><figcaption>Les pois fin avril, pr\u00eats \u00e0 r\u00e9colter<\/figcaption><\/figure>\n\n\n\n<div class=\"wp-block-image\"><figure class=\"aligncenter size-large is-resized\"><a href=\"#\"><img loading=\"lazy\" decoding=\"async\" src=\"https:\/\/www.galetsetoliviers.fr\/wp-content\/uploads\/2021\/03\/up-chevron-button.png\" alt=\"\" class=\"wp-image-1390\" width=\"32\" height=\"32\" srcset=\"https:\/\/www.galetsetoliviers.fr\/wp-content\/uploads\/2021\/03\/up-chevron-button.png 256w, https:\/\/www.galetsetoliviers.fr\/wp-content\/uploads\/2021\/03\/up-chevron-button-150x150.png 150w\" sizes=\"(max-width: 32px) 85vw, 32px\" \/><\/a><\/figure><\/div>\n\n\n\n<h3 class=\"wp-block-heading\" id=\"poireau\"><\/h3>\n\n\n\n<hr class=\"wp-block-separator is-style-wide\"\/>\n\n\n\n<h3 class=\"wp-block-heading\">Poireau<\/h3>\n\n\n\n<p>Je pr\u00e9sente ici la culture du poireau d&#8217;hiver, c.a.d une r\u00e9colte entre D\u00e9cembre &amp; Mars. La clef de la r\u00e9ussite de la r\u00e9colte r\u00e9side dans la date des semis et des repiquages. <\/p>\n\n\n\n<p>Semez d\u00e9but mars, \u00e0 la vol\u00e9e, dans un pot tr\u00e8s profond (&gt; 30cm), les racines de jeunes plants descendent tr\u00e8s profond\u00e9ment ; les plants sont gard\u00e9s dans un lieu hors gel, la v\u00e9randa dans notre cas. Le repiquage en pleine terre se fait la seconde semaine de juillet, avant le 14 juillet, dans un sillon profond.  En g\u00e9n\u00e9ral les plants ne sont jamais de la taille d&#8217;un crayon comme on voit dans les livres de jardinage, mais plut\u00f4t de la taille d&#8217;une paille !  Arrosez abondamment pendant 15 jours, le sol restant toujours humide ou presque, surtout si il fait chaud, puis normalement ensuite. Les poireaux ont besoin d&#8217;eau surtout en \u00e9t\u00e9 qui peut \u00eatre chaud et sec dans la r\u00e9gion. Si tout va bien fin novembre les premiers poireaux sont pr\u00eats \u00e0 \u00eatre ramass\u00e9s. Avec la venu de l&#8217;hiver la croissance ralentit voir s&#8217;arr\u00eate.  Courant mars quand le temps se r\u00e9chauffe les poireaux montent en fleurs ; au premier signe de mont\u00e9e r\u00e9coltez tout ce qui reste, congelez ou mettez en conserve. <\/p>\n\n\n\n<p>La p\u00e9riode de repiquage est tr\u00e8s importante : repiqu\u00e9s trop t\u00f4t, ils sont pr\u00eats en automne et montent en graine avant l&#8217;hiver.  Trop tard, ils sont trop petits quand l&#8217;hiver arrive et la croissance s&#8217;arr\u00eate; et ils partent en graine d\u00e8s la reprise de la croissance en mars, m\u00eame pour les plus petits. <\/p>\n\n\n\n<figure class=\"wp-block-gallery aligncenter columns-2 is-cropped wp-block-gallery-2 is-layout-flex wp-block-gallery-is-layout-flex\"><ul class=\"blocks-gallery-grid\"><li class=\"blocks-gallery-item\"><figure><img loading=\"lazy\" decoding=\"async\" width=\"683\" height=\"1024\" src=\"http:\/\/www.10rdlf.fr\/garden\/wp-content\/uploads\/2020\/07\/DSC_0756-e1594282559475-683x1024.jpg\" alt=\"\" data-id=\"854\" data-link=\"http:\/\/www.10rdlf.fr\/garden\/?attachment_id=854\" class=\"wp-image-854\" srcset=\"https:\/\/www.galetsetoliviers.fr\/wp-content\/uploads\/2020\/07\/DSC_0756-e1594282559475-683x1024.jpg 683w, https:\/\/www.galetsetoliviers.fr\/wp-content\/uploads\/2020\/07\/DSC_0756-e1594282559475-200x300.jpg 200w, https:\/\/www.galetsetoliviers.fr\/wp-content\/uploads\/2020\/07\/DSC_0756-e1594282559475-768x1152.jpg 768w, https:\/\/www.galetsetoliviers.fr\/wp-content\/uploads\/2020\/07\/DSC_0756-e1594282559475-1200x1800.jpg 1200w\" sizes=\"(max-width: 683px) 85vw, 683px\" \/><figcaption class=\"blocks-gallery-item__caption\">Juste plant\u00e9s<\/figcaption><\/figure><\/li><li class=\"blocks-gallery-item\"><figure><img loading=\"lazy\" decoding=\"async\" width=\"768\" height=\"1024\" src=\"https:\/\/www.galetsetoliviers.fr\/wp-content\/uploads\/2020\/12\/IMG_20201208_140045-768x1024.jpg\" alt=\"\" data-id=\"1064\" data-full-url=\"https:\/\/www.galetsetoliviers.fr\/wp-content\/uploads\/2020\/12\/IMG_20201208_140045-scaled.jpg\" data-link=\"https:\/\/www.galetsetoliviers.fr\/?attachment_id=1064\" class=\"wp-image-1064\" srcset=\"https:\/\/www.galetsetoliviers.fr\/wp-content\/uploads\/2020\/12\/IMG_20201208_140045-768x1024.jpg 768w, https:\/\/www.galetsetoliviers.fr\/wp-content\/uploads\/2020\/12\/IMG_20201208_140045-225x300.jpg 225w, https:\/\/www.galetsetoliviers.fr\/wp-content\/uploads\/2020\/12\/IMG_20201208_140045-1152x1536.jpg 1152w, https:\/\/www.galetsetoliviers.fr\/wp-content\/uploads\/2020\/12\/IMG_20201208_140045-1536x2048.jpg 1536w, https:\/\/www.galetsetoliviers.fr\/wp-content\/uploads\/2020\/12\/IMG_20201208_140045-1200x1600.jpg 1200w, https:\/\/www.galetsetoliviers.fr\/wp-content\/uploads\/2020\/12\/IMG_20201208_140045-scaled.jpg 1920w\" sizes=\"(max-width: 768px) 85vw, 768px\" \/><figcaption class=\"blocks-gallery-item__caption\">Les poireaux en hiver<\/figcaption><\/figure><\/li><\/ul><\/figure>\n\n\n\n<p>Maladies : pas vraiment, des petites attaques de teignes \u00e0 la fin de saison que j&#8217;ignore.<\/p>\n\n\n\n<div class=\"wp-block-image\"><figure class=\"aligncenter size-large is-resized\"><a href=\"#\"><img loading=\"lazy\" decoding=\"async\" src=\"https:\/\/www.galetsetoliviers.fr\/wp-content\/uploads\/2021\/03\/up-chevron-button.png\" alt=\"\" class=\"wp-image-1390\" width=\"32\" height=\"32\" srcset=\"https:\/\/www.galetsetoliviers.fr\/wp-content\/uploads\/2021\/03\/up-chevron-button.png 256w, https:\/\/www.galetsetoliviers.fr\/wp-content\/uploads\/2021\/03\/up-chevron-button-150x150.png 150w\" sizes=\"(max-width: 32px) 85vw, 32px\" \/><\/a><\/figure><\/div>\n\n\n\n<h2 class=\"wp-block-heading\" id=\"rhubarbe\"><\/h2>\n\n\n\n<hr class=\"wp-block-separator is-style-wide\"\/>\n\n\n\n<h3 class=\"wp-block-heading\">Rhubarbe<\/h3>\n\n\n\n<p>Plante cultiv\u00e9e pour ses tiges (p\u00e9tioles) consommables, mais dans notre jardin nous la gardons plut\u00f4t \u00e0 titre d\u00e9coratif, les p\u00e9tioles ne rougissant pas. La culture est d\u00e9licate, les racines ont tendance \u00e0 pourrir l&#8217;hiver dans le sol trop lourd et humide. Elle r\u00e9siste tr\u00e8s bien \u00e0 la s\u00e9cheresse sans arrosage en \u00e9t\u00e9, mais dans ce cas les feuilles disparaissent pour repartir en automne.<\/p>\n\n\n\n<p>Due \u00e0 la chaleur elle monte en fleur chaque ann\u00e9e, il vaut mieux couper la hampe pour ne pas affaiblir le plant.<\/p>\n\n\n\n<p>A planter mi ombre, arrosage r\u00e9gulier (mais attention de ne pas faire pourrir les racines)<\/p>\n\n\n\n<div class=\"wp-block-image\"><figure class=\"aligncenter\"><img loading=\"lazy\" decoding=\"async\" width=\"1024\" height=\"683\" src=\"https:\/\/www.galetsetoliviers.fr\/wp-content\/uploads\/2020\/10\/DSC_0762-1024x683.jpg\" alt=\"\" class=\"wp-image-1008\" srcset=\"https:\/\/www.galetsetoliviers.fr\/wp-content\/uploads\/2020\/10\/DSC_0762-1024x683.jpg 1024w, https:\/\/www.galetsetoliviers.fr\/wp-content\/uploads\/2020\/10\/DSC_0762-300x200.jpg 300w, https:\/\/www.galetsetoliviers.fr\/wp-content\/uploads\/2020\/10\/DSC_0762-768x512.jpg 768w, https:\/\/www.galetsetoliviers.fr\/wp-content\/uploads\/2020\/10\/DSC_0762-1200x800.jpg 1200w\" sizes=\"(max-width: 709px) 85vw, (max-width: 909px) 67vw, (max-width: 1362px) 62vw, 840px\" \/><figcaption>Rhubarbe en d\u00e9coration<\/figcaption><\/figure><\/div>\n\n\n\n<div class=\"wp-block-image\"><figure class=\"aligncenter size-large is-resized\"><a href=\"#\"><img loading=\"lazy\" decoding=\"async\" src=\"https:\/\/www.galetsetoliviers.fr\/wp-content\/uploads\/2021\/03\/up-chevron-button.png\" alt=\"\" class=\"wp-image-1390\" width=\"32\" height=\"32\" srcset=\"https:\/\/www.galetsetoliviers.fr\/wp-content\/uploads\/2021\/03\/up-chevron-button.png 256w, https:\/\/www.galetsetoliviers.fr\/wp-content\/uploads\/2021\/03\/up-chevron-button-150x150.png 150w\" sizes=\"(max-width: 32px) 85vw, 32px\" \/><\/a><\/figure><\/div>\n\n\n\n<h2 class=\"wp-block-heading\" id=\"topinambour\"><\/h2>\n\n\n\n<hr class=\"wp-block-separator is-style-wide\"\/>\n\n\n\n<h3 class=\"wp-block-heading\">Topinambour<\/h3>\n\n\n\n<p>Une autre plante potag\u00e8re gard\u00e9e dans le jardin comme d\u00e9coration. Sans arrosage, elle pousse depuis plusieurs ann\u00e9es dans un coin du potager, sans s&#8217;\u00e9taler ni envahir ses voisins. Le premier tubercule nous a \u00e9t\u00e9 donn\u00e9 et depuis on n&#8217;a toujours pas eu le courage de les r\u00e9colter !<\/p>\n\n\n\n<div class=\"wp-block-image\"><figure class=\"aligncenter\"><img loading=\"lazy\" decoding=\"async\" width=\"683\" height=\"1024\" src=\"https:\/\/www.galetsetoliviers.fr\/wp-content\/uploads\/2020\/11\/DSC_0006-e1605620757113-683x1024.jpg\" alt=\"\" class=\"wp-image-1010\" srcset=\"https:\/\/www.galetsetoliviers.fr\/wp-content\/uploads\/2020\/11\/DSC_0006-e1605620757113-683x1024.jpg 683w, https:\/\/www.galetsetoliviers.fr\/wp-content\/uploads\/2020\/11\/DSC_0006-e1605620757113-200x300.jpg 200w, https:\/\/www.galetsetoliviers.fr\/wp-content\/uploads\/2020\/11\/DSC_0006-e1605620757113-768x1152.jpg 768w, https:\/\/www.galetsetoliviers.fr\/wp-content\/uploads\/2020\/11\/DSC_0006-e1605620757113-1200x1800.jpg 1200w\" sizes=\"(max-width: 683px) 85vw, 683px\" \/><figcaption>Fleurs de topinambour en automne<\/figcaption><\/figure><\/div>\n\n\n\n<div class=\"wp-block-image\"><figure class=\"aligncenter size-large is-resized\"><a href=\"#\"><img loading=\"lazy\" decoding=\"async\" src=\"https:\/\/www.galetsetoliviers.fr\/wp-content\/uploads\/2021\/03\/up-chevron-button.png\" alt=\"\" class=\"wp-image-1390\" width=\"32\" height=\"32\" srcset=\"https:\/\/www.galetsetoliviers.fr\/wp-content\/uploads\/2021\/03\/up-chevron-button.png 256w, https:\/\/www.galetsetoliviers.fr\/wp-content\/uploads\/2021\/03\/up-chevron-button-150x150.png 150w\" sizes=\"(max-width: 32px) 85vw, 32px\" \/><\/a><\/figure><\/div>\n\n\n\n<p> <br><\/p>\n","protected":false},"excerpt":{"rendered":"<p>ArtichautOseillePetits pois\/pois mangetout\/f\u00e8vesPoireauRhubarbeTopinambour Artichaut Plante vivace qui ne pr\u00e9sente aucun probl\u00e8me de culture ; on est suppos\u00e9 les changer de place tout les 3 \u00e0 5 ans, mais \u00e7a n&#8217;a jamais \u00e9t\u00e9 fait ici, les artichauts sont petits mais toujours bons. Sans arrosage les feuilles s\u00e8chent et disparaissent pendant l&#8217;\u00e9t\u00e9 pour repartir apr\u00e8s les premi\u00e8res &hellip; <a href=\"https:\/\/www.galetsetoliviers.fr\/?page_id=56\" class=\"more-link\">Continue reading<span class=\"screen-reader-text\"> &#8220;Plantes Potag\u00e8res&#8221;<\/span><\/a><\/p>\n","protected":false},"author":1,"featured_media":0,"parent":0,"menu_order":0,"comment_status":"closed","ping_status":"closed","template":"","meta":{"footnotes":""},"_links":{"self":[{"href":"https:\/\/www.galetsetoliviers.fr\/index.php?rest_route=\/wp\/v2\/pages\/56"}],"collection":[{"href":"https:\/\/www.galetsetoliviers.fr\/index.php?rest_route=\/wp\/v2\/pages"}],"about":[{"href":"https:\/\/www.galetsetoliviers.fr\/index.php?rest_route=\/wp\/v2\/types\/page"}],"author":[{"embeddable":true,"href":"https:\/\/www.galetsetoliviers.fr\/index.php?rest_route=\/wp\/v2\/users\/1"}],"replies":[{"embeddable":true,"href":"https:\/\/www.galetsetoliviers.fr\/index.php?rest_route=%2Fwp%2Fv2%2Fcomments&post=56"}],"version-history":[{"count":22,"href":"https:\/\/www.galetsetoliviers.fr\/index.php?rest_route=\/wp\/v2\/pages\/56\/revisions"}],"predecessor-version":[{"id":1583,"href":"https:\/\/www.galetsetoliviers.fr\/index.php?rest_route=\/wp\/v2\/pages\/56\/revisions\/1583"}],"wp:attachment":[{"href":"https:\/\/www.galetsetoliviers.fr\/index.php?rest_route=%2Fwp%2Fv2%2Fmedia&parent=56"}],"curies":[{"name":"wp","href":"https:\/\/api.w.org\/{rel}","templated":true}]}}