{"id":586,"date":"2020-01-28T10:22:21","date_gmt":"2020-01-28T09:22:21","guid":{"rendered":"http:\/\/www.10rdlf.fr\/garden\/?page_id=586"},"modified":"2024-07-01T08:56:15","modified_gmt":"2024-07-01T06:56:15","slug":"page-de-commentaires","status":"publish","type":"page","link":"https:\/\/www.galetsetoliviers.fr\/?page_id=586","title":{"rendered":"Page de commentaires"},"content":{"rendered":"\n<p>Vous pouvez laissez vous commentaires ou vos questions au sujet du site \u00e0 la fin de cette page. Les commentaires doivent \u00eatre approuv\u00e9s avant qu&#8217;ils n&#8217;apparaissent sur la page, ce que nous essayons de faire rapidement.<\/p>\n\n\n\n<p>Ou vous pouvez nous \u00e9crire \u00e0 <strong>ashley (\u00e0) 10rdlf.fr<\/strong><\/p>\n\n\n\n<p>Comments in english are also welcome.<\/p>\n","protected":false},"excerpt":{"rendered":"<p>Vous pouvez laissez vous commentaires ou vos questions au sujet du site \u00e0 la fin de cette page. Les commentaires doivent \u00eatre approuv\u00e9s avant qu&#8217;ils n&#8217;apparaissent sur la page, ce que nous essayons de faire rapidement. Ou vous pouvez nous \u00e9crire \u00e0 ashley (\u00e0) 10rdlf.fr Comments in english are also welcome.<\/p>\n","protected":false},"author":2,"featured_media":0,"parent":0,"menu_order":0,"comment_status":"closed","ping_status":"closed","template":"","meta":{"footnotes":""},"_links":{"self":[{"href":"https:\/\/www.galetsetoliviers.fr\/index.php?rest_route=\/wp\/v2\/pages\/586"}],"collection":[{"href":"https:\/\/www.galetsetoliviers.fr\/index.php?rest_route=\/wp\/v2\/pages"}],"about":[{"href":"https:\/\/www.galetsetoliviers.fr\/index.php?rest_route=\/wp\/v2\/types\/page"}],"author":[{"embeddable":true,"href":"https:\/\/www.galetsetoliviers.fr\/index.php?rest_route=\/wp\/v2\/users\/2"}],"replies":[{"embeddable":true,"href":"https:\/\/www.galetsetoliviers.fr\/index.php?rest_route=%2Fwp%2Fv2%2Fcomments&post=586"}],"version-history":[{"count":3,"href":"https:\/\/www.galetsetoliviers.fr\/index.php?rest_route=\/wp\/v2\/pages\/586\/revisions"}],"predecessor-version":[{"id":1628,"href":"https:\/\/www.galetsetoliviers.fr\/index.php?rest_route=\/wp\/v2\/pages\/586\/revisions\/1628"}],"wp:attachment":[{"href":"https:\/\/www.galetsetoliviers.fr\/index.php?rest_route=%2Fwp%2Fv2%2Fmedia&parent=586"}],"curies":[{"name":"wp","href":"https:\/\/api.w.org\/{rel}","templated":true}]}}