{"id":606,"date":"2020-01-28T16:17:28","date_gmt":"2020-01-28T15:17:28","guid":{"rendered":"http:\/\/www.10rdlf.fr\/garden\/?page_id=606"},"modified":"2020-01-28T16:17:28","modified_gmt":"2020-01-28T15:17:28","slug":"la-mangeoire-a-oiseaux","status":"publish","type":"page","link":"https:\/\/www.galetsetoliviers.fr\/?page_id=606","title":{"rendered":"La Mangeoire \u00e0 Oiseaux"},"content":{"rendered":"\n<p>Un mangeoire dans un jardin est une source de divertissement permanent. Toute la journ\u00e9e les oiseaux viennent et offrent un spectacle dont on ne se lasse pas : identifier les esp\u00e8ces, observer le comportement social des oiseaux font parti des plaisirs apport\u00e9s par la mangeoire.<\/p>\n\n\n\n<ul class=\"wp-block-gallery columns-3 is-cropped wp-block-gallery-1 is-layout-flex wp-block-gallery-is-layout-flex\"><li class=\"blocks-gallery-item\"><figure><img loading=\"lazy\" decoding=\"async\" width=\"662\" height=\"1024\" src=\"http:\/\/www.10rdlf.fr\/garden\/wp-content\/uploads\/2020\/01\/DSC_1010-e1580221543510-662x1024.jpg\" alt=\"\" data-id=\"601\" data-link=\"http:\/\/www.10rdlf.fr\/garden\/?attachment_id=601\" class=\"wp-image-601\" srcset=\"https:\/\/www.galetsetoliviers.fr\/wp-content\/uploads\/2020\/01\/DSC_1010-e1580221543510-662x1024.jpg 662w, https:\/\/www.galetsetoliviers.fr\/wp-content\/uploads\/2020\/01\/DSC_1010-e1580221543510-194x300.jpg 194w, https:\/\/www.galetsetoliviers.fr\/wp-content\/uploads\/2020\/01\/DSC_1010-e1580221543510-768x1188.jpg 768w, https:\/\/www.galetsetoliviers.fr\/wp-content\/uploads\/2020\/01\/DSC_1010-e1580221543510-1200x1856.jpg 1200w\" sizes=\"(max-width: 662px) 85vw, 662px\" \/><figcaption>Chardonnerets et m\u00e9sanges<\/figcaption><\/figure><\/li><li class=\"blocks-gallery-item\"><figure><img loading=\"lazy\" decoding=\"async\" width=\"600\" height=\"1024\" src=\"http:\/\/www.10rdlf.fr\/garden\/wp-content\/uploads\/2020\/01\/DSC_0825-e1580221623535-600x1024.jpg\" alt=\"\" data-id=\"599\" data-link=\"http:\/\/www.10rdlf.fr\/garden\/?attachment_id=599\" class=\"wp-image-599\" srcset=\"https:\/\/www.galetsetoliviers.fr\/wp-content\/uploads\/2020\/01\/DSC_0825-e1580221623535-600x1024.jpg 600w, https:\/\/www.galetsetoliviers.fr\/wp-content\/uploads\/2020\/01\/DSC_0825-e1580221623535-176x300.jpg 176w, https:\/\/www.galetsetoliviers.fr\/wp-content\/uploads\/2020\/01\/DSC_0825-e1580221623535-768x1311.jpg 768w, https:\/\/www.galetsetoliviers.fr\/wp-content\/uploads\/2020\/01\/DSC_0825-e1580221623535-1200x2048.jpg 1200w\" sizes=\"(max-width: 600px) 85vw, 600px\" \/><figcaption>Une m\u00e9sange<\/figcaption><\/figure><\/li><li class=\"blocks-gallery-item\"><figure><img loading=\"lazy\" decoding=\"async\" width=\"695\" height=\"1024\" src=\"http:\/\/www.10rdlf.fr\/garden\/wp-content\/uploads\/2020\/01\/DSC_0800-e1580221650838-695x1024.jpg\" alt=\"\" data-id=\"598\" data-link=\"http:\/\/www.10rdlf.fr\/garden\/?attachment_id=598\" class=\"wp-image-598\" srcset=\"https:\/\/www.galetsetoliviers.fr\/wp-content\/uploads\/2020\/01\/DSC_0800-e1580221650838-695x1024.jpg 695w, https:\/\/www.galetsetoliviers.fr\/wp-content\/uploads\/2020\/01\/DSC_0800-e1580221650838-204x300.jpg 204w, https:\/\/www.galetsetoliviers.fr\/wp-content\/uploads\/2020\/01\/DSC_0800-e1580221650838-768x1131.jpg 768w, https:\/\/www.galetsetoliviers.fr\/wp-content\/uploads\/2020\/01\/DSC_0800-e1580221650838-1200x1768.jpg 1200w\" sizes=\"(max-width: 695px) 85vw, 695px\" \/><figcaption>Un inconnu<\/figcaption><\/figure><\/li><\/ul>\n\n\n\n<p>Parmi les habitu\u00e9s du jardins nous citerons : les m\u00e9sanges, tr\u00e8s timides, qui prennent une graine et repartent rapidement ; les chardonnerets, souvent en groupe, qui s&#8217;installent sur la mangeoire pour y rester plusieurs minutes ; les verdiers, qui squattent aussi la mangeoire et qui peuvent \u00eatre assez agressifs envers les autres esp\u00e8ces ; les rouges gorges, qui viennent que s&#8217;il n&#8217;y a pas d&#8217;autres oiseaux pr\u00e9sents.<\/p>\n\n\n\n<p>Moins courant : un gros bec ; une sittelle torchepot ; une tourterelle, qui a r\u00e9ussi \u00e0 se poser malgr\u00e9 les fils de fer ; et d&#8217;autres toujours pas identifi\u00e9s.<\/p>\n\n\n\n<p>La mangeoire est visible depuis le salon d&#8217;o\u00f9, assis sur le canap\u00e9 une paire de jumelles \u00e0 port\u00e9 de main, on peut les surveiller facilement.<\/p>\n\n\n\n<p>Les oiseaux ne sont nourris qu&#8217;en hiver, de janvier \u00e0 mars. Et la quantit\u00e9 de graines qu&#8217;ils arrivent \u00e0 manger est impressionnante. Nous avons arr\u00eat\u00e9 de les acheter en jardinerie, cela nous revient trop cher, on les ach\u00e8te maintenant \u00e0 un agriculteur en sac de 25kg. <br><\/p>\n","protected":false},"excerpt":{"rendered":"<p>Un mangeoire dans un jardin est une source de divertissement permanent. Toute la journ\u00e9e les oiseaux viennent et offrent un spectacle dont on ne se lasse pas : identifier les esp\u00e8ces, observer le comportement social des oiseaux font parti des plaisirs apport\u00e9s par la mangeoire. Parmi les habitu\u00e9s du jardins nous citerons : les m\u00e9sanges, &hellip; <a href=\"https:\/\/www.galetsetoliviers.fr\/?page_id=606\" class=\"more-link\">Continue reading<span class=\"screen-reader-text\"> &#8220;La Mangeoire \u00e0 Oiseaux&#8221;<\/span><\/a><\/p>\n","protected":false},"author":1,"featured_media":0,"parent":0,"menu_order":0,"comment_status":"closed","ping_status":"closed","template":"","meta":{"footnotes":""},"_links":{"self":[{"href":"https:\/\/www.galetsetoliviers.fr\/index.php?rest_route=\/wp\/v2\/pages\/606"}],"collection":[{"href":"https:\/\/www.galetsetoliviers.fr\/index.php?rest_route=\/wp\/v2\/pages"}],"about":[{"href":"https:\/\/www.galetsetoliviers.fr\/index.php?rest_route=\/wp\/v2\/types\/page"}],"author":[{"embeddable":true,"href":"https:\/\/www.galetsetoliviers.fr\/index.php?rest_route=\/wp\/v2\/users\/1"}],"replies":[{"embeddable":true,"href":"https:\/\/www.galetsetoliviers.fr\/index.php?rest_route=%2Fwp%2Fv2%2Fcomments&post=606"}],"version-history":[{"count":2,"href":"https:\/\/www.galetsetoliviers.fr\/index.php?rest_route=\/wp\/v2\/pages\/606\/revisions"}],"predecessor-version":[{"id":608,"href":"https:\/\/www.galetsetoliviers.fr\/index.php?rest_route=\/wp\/v2\/pages\/606\/revisions\/608"}],"wp:attachment":[{"href":"https:\/\/www.galetsetoliviers.fr\/index.php?rest_route=%2Fwp%2Fv2%2Fmedia&parent=606"}],"curies":[{"name":"wp","href":"https:\/\/api.w.org\/{rel}","templated":true}]}}