{"id":663,"date":"2020-04-22T10:09:50","date_gmt":"2020-04-22T08:09:50","guid":{"rendered":"http:\/\/www.10rdlf.fr\/garden\/?page_id=663"},"modified":"2021-03-16T14:20:41","modified_gmt":"2021-03-16T13:20:41","slug":"scenes-dhiver","status":"publish","type":"page","link":"https:\/\/www.galetsetoliviers.fr\/?page_id=663","title":{"rendered":"Sc\u00e8nes d&#8217;hiver"},"content":{"rendered":"\n<div class=\"wp-block-image\"><figure class=\"aligncenter size-large\"><img loading=\"lazy\" decoding=\"async\" width=\"683\" height=\"1024\" src=\"https:\/\/www.galetsetoliviers.fr\/wp-content\/uploads\/2021\/03\/DSC_0197-scaled-e1615886224442-683x1024.jpg\" alt=\"\" class=\"wp-image-1311\" srcset=\"https:\/\/www.galetsetoliviers.fr\/wp-content\/uploads\/2021\/03\/DSC_0197-scaled-e1615886224442-683x1024.jpg 683w, https:\/\/www.galetsetoliviers.fr\/wp-content\/uploads\/2021\/03\/DSC_0197-scaled-e1615886224442-200x300.jpg 200w, https:\/\/www.galetsetoliviers.fr\/wp-content\/uploads\/2021\/03\/DSC_0197-scaled-e1615886224442-768x1152.jpg 768w, https:\/\/www.galetsetoliviers.fr\/wp-content\/uploads\/2021\/03\/DSC_0197-scaled-e1615886224442-1024x1536.jpg 1024w, https:\/\/www.galetsetoliviers.fr\/wp-content\/uploads\/2021\/03\/DSC_0197-scaled-e1615886224442-1366x2048.jpg 1366w, https:\/\/www.galetsetoliviers.fr\/wp-content\/uploads\/2021\/03\/DSC_0197-scaled-e1615886224442-1200x1800.jpg 1200w, https:\/\/www.galetsetoliviers.fr\/wp-content\/uploads\/2021\/03\/DSC_0197-scaled-e1615886224442.jpg 1707w\" sizes=\"(max-width: 683px) 85vw, 683px\" \/><figcaption>Le cam\u00e9lia en mars<\/figcaption><\/figure><\/div>\n\n\n\n<div class=\"wp-block-image\"><figure class=\"aligncenter size-large\"><img loading=\"lazy\" decoding=\"async\" width=\"1024\" height=\"683\" src=\"https:\/\/www.galetsetoliviers.fr\/wp-content\/uploads\/2021\/01\/DSC_0103-1024x683.jpg\" alt=\"\" class=\"wp-image-1172\" srcset=\"https:\/\/www.galetsetoliviers.fr\/wp-content\/uploads\/2021\/01\/DSC_0103-1024x683.jpg 1024w, https:\/\/www.galetsetoliviers.fr\/wp-content\/uploads\/2021\/01\/DSC_0103-300x200.jpg 300w, https:\/\/www.galetsetoliviers.fr\/wp-content\/uploads\/2021\/01\/DSC_0103-768x512.jpg 768w, https:\/\/www.galetsetoliviers.fr\/wp-content\/uploads\/2021\/01\/DSC_0103-1536x1024.jpg 1536w, https:\/\/www.galetsetoliviers.fr\/wp-content\/uploads\/2021\/01\/DSC_0103-2048x1365.jpg 2048w, https:\/\/www.galetsetoliviers.fr\/wp-content\/uploads\/2021\/01\/DSC_0103-1200x800.jpg 1200w\" sizes=\"(max-width: 709px) 85vw, (max-width: 909px) 67vw, (max-width: 1362px) 62vw, 840px\" \/><figcaption>Les plantes fragiles passent l&#8217;hiver ici<\/figcaption><\/figure><\/div>\n\n\n\n<div class=\"wp-block-image\"><figure class=\"aligncenter size-large\"><img loading=\"lazy\" decoding=\"async\" width=\"1024\" height=\"768\" src=\"https:\/\/www.galetsetoliviers.fr\/wp-content\/uploads\/2020\/01\/PICT0067-1024x768.jpg\" alt=\"\" class=\"wp-image-352\" srcset=\"https:\/\/www.galetsetoliviers.fr\/wp-content\/uploads\/2020\/01\/PICT0067-1024x768.jpg 1024w, https:\/\/www.galetsetoliviers.fr\/wp-content\/uploads\/2020\/01\/PICT0067-300x225.jpg 300w, https:\/\/www.galetsetoliviers.fr\/wp-content\/uploads\/2020\/01\/PICT0067-768x576.jpg 768w, https:\/\/www.galetsetoliviers.fr\/wp-content\/uploads\/2020\/01\/PICT0067-1200x900.jpg 1200w\" sizes=\"(max-width: 709px) 85vw, (max-width: 909px) 67vw, (max-width: 1362px) 62vw, 840px\" \/><figcaption>Le jardin n&#8217;est pas toujours une histoire facile ; un pin parasol d\u00e9racin\u00e9 pendant la temp\u00eate de janvier 2009<\/figcaption><\/figure><\/div>\n\n\n\n<div class=\"wp-block-image\"><figure class=\"aligncenter size-large\"><img loading=\"lazy\" decoding=\"async\" width=\"1024\" height=\"683\" src=\"https:\/\/www.galetsetoliviers.fr\/wp-content\/uploads\/2020\/01\/DSC_0953-1024x683.jpg\" alt=\"\" class=\"wp-image-344\" srcset=\"https:\/\/www.galetsetoliviers.fr\/wp-content\/uploads\/2020\/01\/DSC_0953-1024x683.jpg 1024w, https:\/\/www.galetsetoliviers.fr\/wp-content\/uploads\/2020\/01\/DSC_0953-300x200.jpg 300w, https:\/\/www.galetsetoliviers.fr\/wp-content\/uploads\/2020\/01\/DSC_0953-768x512.jpg 768w, https:\/\/www.galetsetoliviers.fr\/wp-content\/uploads\/2020\/01\/DSC_0953-1200x800.jpg 1200w\" sizes=\"(max-width: 709px) 85vw, (max-width: 909px) 67vw, (max-width: 1362px) 62vw, 840px\" \/><\/figure><\/div>\n\n\n\n<div class=\"wp-block-image\"><figure class=\"aligncenter size-large\"><img loading=\"lazy\" decoding=\"async\" width=\"1024\" height=\"768\" src=\"https:\/\/www.galetsetoliviers.fr\/wp-content\/uploads\/2020\/01\/P1010009-1024x768.jpg\" alt=\"\" class=\"wp-image-351\" srcset=\"https:\/\/www.galetsetoliviers.fr\/wp-content\/uploads\/2020\/01\/P1010009-1024x768.jpg 1024w, https:\/\/www.galetsetoliviers.fr\/wp-content\/uploads\/2020\/01\/P1010009-300x225.jpg 300w, https:\/\/www.galetsetoliviers.fr\/wp-content\/uploads\/2020\/01\/P1010009-768x576.jpg 768w, https:\/\/www.galetsetoliviers.fr\/wp-content\/uploads\/2020\/01\/P1010009-1200x900.jpg 1200w, https:\/\/www.galetsetoliviers.fr\/wp-content\/uploads\/2020\/01\/P1010009.jpg 1280w\" sizes=\"(max-width: 709px) 85vw, (max-width: 909px) 67vw, (max-width: 1362px) 62vw, 840px\" \/><figcaption>Le potager apr\u00e8s le gel<\/figcaption><\/figure><\/div>\n\n\n\n<div class=\"wp-block-image\"><figure class=\"aligncenter size-large\"><img loading=\"lazy\" decoding=\"async\" width=\"1024\" height=\"768\" src=\"https:\/\/www.galetsetoliviers.fr\/wp-content\/uploads\/2020\/04\/PICT0046-1024x768.jpg\" alt=\"\" class=\"wp-image-677\" srcset=\"https:\/\/www.galetsetoliviers.fr\/wp-content\/uploads\/2020\/04\/PICT0046-1024x768.jpg 1024w, https:\/\/www.galetsetoliviers.fr\/wp-content\/uploads\/2020\/04\/PICT0046-300x225.jpg 300w, https:\/\/www.galetsetoliviers.fr\/wp-content\/uploads\/2020\/04\/PICT0046-768x576.jpg 768w, https:\/\/www.galetsetoliviers.fr\/wp-content\/uploads\/2020\/04\/PICT0046-1200x900.jpg 1200w\" sizes=\"(max-width: 709px) 85vw, (max-width: 909px) 67vw, (max-width: 1362px) 62vw, 840px\" \/><figcaption>Ici aussi il neige, en moyenne une fois tout les deux ans. La neige reste rarement plus de 24h au sol.<\/figcaption><\/figure><\/div>\n\n\n\n<div class=\"wp-block-image\"><figure class=\"aligncenter size-large\"><img loading=\"lazy\" decoding=\"async\" width=\"1024\" height=\"683\" src=\"https:\/\/www.galetsetoliviers.fr\/wp-content\/uploads\/2021\/01\/DSC_0091-1024x683.jpg\" alt=\"\" class=\"wp-image-1170\" srcset=\"https:\/\/www.galetsetoliviers.fr\/wp-content\/uploads\/2021\/01\/DSC_0091-1024x683.jpg 1024w, https:\/\/www.galetsetoliviers.fr\/wp-content\/uploads\/2021\/01\/DSC_0091-300x200.jpg 300w, https:\/\/www.galetsetoliviers.fr\/wp-content\/uploads\/2021\/01\/DSC_0091-768x512.jpg 768w, https:\/\/www.galetsetoliviers.fr\/wp-content\/uploads\/2021\/01\/DSC_0091-1536x1024.jpg 1536w, https:\/\/www.galetsetoliviers.fr\/wp-content\/uploads\/2021\/01\/DSC_0091-2048x1365.jpg 2048w, https:\/\/www.galetsetoliviers.fr\/wp-content\/uploads\/2021\/01\/DSC_0091-1200x800.jpg 1200w\" sizes=\"(max-width: 709px) 85vw, (max-width: 909px) 67vw, (max-width: 1362px) 62vw, 840px\" \/><figcaption>Apr\u00e8s une forte gel\u00e9e les capucines \u00e0 droite, prot\u00e9g\u00e9es par la maison, ont r\u00e9sist\u00e9. Celles de gauche sont mortes<\/figcaption><\/figure><\/div>\n\n\n\n<figure class=\"wp-block-image size-large\"><img loading=\"lazy\" decoding=\"async\" width=\"1024\" height=\"683\" src=\"https:\/\/www.galetsetoliviers.fr\/wp-content\/uploads\/2021\/03\/DSC_0134-1024x683.jpg\" alt=\"\" class=\"wp-image-1305\" srcset=\"https:\/\/www.galetsetoliviers.fr\/wp-content\/uploads\/2021\/03\/DSC_0134-1024x683.jpg 1024w, https:\/\/www.galetsetoliviers.fr\/wp-content\/uploads\/2021\/03\/DSC_0134-300x200.jpg 300w, https:\/\/www.galetsetoliviers.fr\/wp-content\/uploads\/2021\/03\/DSC_0134-768x512.jpg 768w, https:\/\/www.galetsetoliviers.fr\/wp-content\/uploads\/2021\/03\/DSC_0134-1536x1024.jpg 1536w, https:\/\/www.galetsetoliviers.fr\/wp-content\/uploads\/2021\/03\/DSC_0134-2048x1365.jpg 2048w, https:\/\/www.galetsetoliviers.fr\/wp-content\/uploads\/2021\/03\/DSC_0134-1200x800.jpg 1200w\" sizes=\"(max-width: 709px) 85vw, (max-width: 909px) 67vw, (max-width: 1362px) 62vw, 840px\" \/><figcaption>Le bassin vu de haut<\/figcaption><\/figure>\n\n\n\n<div class=\"wp-block-image\"><figure class=\"aligncenter size-large\"><img loading=\"lazy\" decoding=\"async\" width=\"1024\" height=\"683\" src=\"https:\/\/www.galetsetoliviers.fr\/wp-content\/uploads\/2021\/03\/DSC_0178-1024x683.jpg\" alt=\"\" class=\"wp-image-1309\" srcset=\"https:\/\/www.galetsetoliviers.fr\/wp-content\/uploads\/2021\/03\/DSC_0178-1024x683.jpg 1024w, https:\/\/www.galetsetoliviers.fr\/wp-content\/uploads\/2021\/03\/DSC_0178-300x200.jpg 300w, https:\/\/www.galetsetoliviers.fr\/wp-content\/uploads\/2021\/03\/DSC_0178-768x512.jpg 768w, https:\/\/www.galetsetoliviers.fr\/wp-content\/uploads\/2021\/03\/DSC_0178-1536x1024.jpg 1536w, https:\/\/www.galetsetoliviers.fr\/wp-content\/uploads\/2021\/03\/DSC_0178-2048x1365.jpg 2048w, https:\/\/www.galetsetoliviers.fr\/wp-content\/uploads\/2021\/03\/DSC_0178-1200x800.jpg 1200w\" sizes=\"(max-width: 709px) 85vw, (max-width: 909px) 67vw, (max-width: 1362px) 62vw, 840px\" \/><figcaption>Couleurs de fin d&#8217;hiver<\/figcaption><\/figure><\/div>\n\n\n\n<p><\/p>\n","protected":false},"excerpt":{"rendered":"","protected":false},"author":1,"featured_media":0,"parent":0,"menu_order":0,"comment_status":"closed","ping_status":"closed","template":"","meta":{"footnotes":""},"_links":{"self":[{"href":"https:\/\/www.galetsetoliviers.fr\/index.php?rest_route=\/wp\/v2\/pages\/663"}],"collection":[{"href":"https:\/\/www.galetsetoliviers.fr\/index.php?rest_route=\/wp\/v2\/pages"}],"about":[{"href":"https:\/\/www.galetsetoliviers.fr\/index.php?rest_route=\/wp\/v2\/types\/page"}],"author":[{"embeddable":true,"href":"https:\/\/www.galetsetoliviers.fr\/index.php?rest_route=\/wp\/v2\/users\/1"}],"replies":[{"embeddable":true,"href":"https:\/\/www.galetsetoliviers.fr\/index.php?rest_route=%2Fwp%2Fv2%2Fcomments&post=663"}],"version-history":[{"count":6,"href":"https:\/\/www.galetsetoliviers.fr\/index.php?rest_route=\/wp\/v2\/pages\/663\/revisions"}],"predecessor-version":[{"id":1357,"href":"https:\/\/www.galetsetoliviers.fr\/index.php?rest_route=\/wp\/v2\/pages\/663\/revisions\/1357"}],"wp:attachment":[{"href":"https:\/\/www.galetsetoliviers.fr\/index.php?rest_route=%2Fwp%2Fv2%2Fmedia&parent=663"}],"curies":[{"name":"wp","href":"https:\/\/api.w.org\/{rel}","templated":true}]}}