{"id":665,"date":"2020-04-22T10:19:43","date_gmt":"2020-04-22T08:19:43","guid":{"rendered":"http:\/\/www.10rdlf.fr\/garden\/?page_id=665"},"modified":"2021-09-08T11:54:15","modified_gmt":"2021-09-08T09:54:15","slug":"scenes-de-printemps","status":"publish","type":"page","link":"https:\/\/www.galetsetoliviers.fr\/?page_id=665","title":{"rendered":"Sc\u00e8nes de printemps"},"content":{"rendered":"\n<div class=\"wp-block-image\"><figure class=\"aligncenter\"><img loading=\"lazy\" decoding=\"async\" width=\"1024\" height=\"768\" src=\"http:\/\/www.10rdlf.fr\/garden\/wp-content\/uploads\/2020\/01\/IMG_1052-1024x768.jpg\" alt=\"\" class=\"wp-image-346\" srcset=\"https:\/\/www.galetsetoliviers.fr\/wp-content\/uploads\/2020\/01\/IMG_1052-1024x768.jpg 1024w, https:\/\/www.galetsetoliviers.fr\/wp-content\/uploads\/2020\/01\/IMG_1052-300x225.jpg 300w, https:\/\/www.galetsetoliviers.fr\/wp-content\/uploads\/2020\/01\/IMG_1052-768x576.jpg 768w, https:\/\/www.galetsetoliviers.fr\/wp-content\/uploads\/2020\/01\/IMG_1052-1200x900.jpg 1200w\" sizes=\"(max-width: 709px) 85vw, (max-width: 909px) 67vw, (max-width: 1362px) 62vw, 840px\" \/><figcaption>N\u00e9p\u00e9ta, pieds d&#8217;alouette, et pivoines en fleurs <\/figcaption><\/figure><\/div>\n\n\n\n<figure class=\"wp-block-image\"><img loading=\"lazy\" decoding=\"async\" width=\"1024\" height=\"683\" src=\"http:\/\/www.10rdlf.fr\/garden\/wp-content\/uploads\/2020\/01\/France-2015149-1-1024x683.jpg\" alt=\"\" class=\"wp-image-345\" srcset=\"https:\/\/www.galetsetoliviers.fr\/wp-content\/uploads\/2020\/01\/France-2015149-1-1024x683.jpg 1024w, https:\/\/www.galetsetoliviers.fr\/wp-content\/uploads\/2020\/01\/France-2015149-1-300x200.jpg 300w, https:\/\/www.galetsetoliviers.fr\/wp-content\/uploads\/2020\/01\/France-2015149-1-768x512.jpg 768w, https:\/\/www.galetsetoliviers.fr\/wp-content\/uploads\/2020\/01\/France-2015149-1-1200x800.jpg 1200w\" sizes=\"(max-width: 709px) 85vw, (max-width: 909px) 67vw, (max-width: 1362px) 62vw, 840px\" \/><figcaption>Le potager au printemps<\/figcaption><\/figure>\n\n\n\n<div class=\"wp-block-image\"><figure class=\"aligncenter size-large is-resized\"><a href=\"#\"><img loading=\"lazy\" decoding=\"async\" src=\"https:\/\/www.galetsetoliviers.fr\/wp-content\/uploads\/2021\/03\/up-chevron-button.png\" alt=\"\" class=\"wp-image-1390\" width=\"32\" height=\"32\" srcset=\"https:\/\/www.galetsetoliviers.fr\/wp-content\/uploads\/2021\/03\/up-chevron-button.png 256w, https:\/\/www.galetsetoliviers.fr\/wp-content\/uploads\/2021\/03\/up-chevron-button-150x150.png 150w\" sizes=\"(max-width: 32px) 85vw, 32px\" \/><\/a><\/figure><\/div>\n\n\n\n<figure class=\"wp-block-image\"><img loading=\"lazy\" decoding=\"async\" width=\"683\" height=\"1024\" src=\"http:\/\/www.10rdlf.fr\/garden\/wp-content\/uploads\/2020\/04\/DSC_0076-e1587482006408-683x1024.jpg\" alt=\"\" class=\"wp-image-655\" srcset=\"https:\/\/www.galetsetoliviers.fr\/wp-content\/uploads\/2020\/04\/DSC_0076-e1587482006408-683x1024.jpg 683w, https:\/\/www.galetsetoliviers.fr\/wp-content\/uploads\/2020\/04\/DSC_0076-e1587482006408-200x300.jpg 200w, https:\/\/www.galetsetoliviers.fr\/wp-content\/uploads\/2020\/04\/DSC_0076-e1587482006408-768x1152.jpg 768w, https:\/\/www.galetsetoliviers.fr\/wp-content\/uploads\/2020\/04\/DSC_0076-e1587482006408-1200x1800.jpg 1200w\" sizes=\"(max-width: 683px) 85vw, 683px\" \/><figcaption>Glycine, girofl\u00e9e et kerrias en fleurs<\/figcaption><\/figure>\n\n\n\n<figure class=\"wp-block-image\"><img loading=\"lazy\" decoding=\"async\" width=\"1024\" height=\"683\" src=\"http:\/\/www.10rdlf.fr\/garden\/wp-content\/uploads\/2020\/04\/DSC_0118-1024x683.jpg\" alt=\"\" class=\"wp-image-654\" srcset=\"https:\/\/www.galetsetoliviers.fr\/wp-content\/uploads\/2020\/04\/DSC_0118-1024x683.jpg 1024w, https:\/\/www.galetsetoliviers.fr\/wp-content\/uploads\/2020\/04\/DSC_0118-300x200.jpg 300w, https:\/\/www.galetsetoliviers.fr\/wp-content\/uploads\/2020\/04\/DSC_0118-768x512.jpg 768w, https:\/\/www.galetsetoliviers.fr\/wp-content\/uploads\/2020\/04\/DSC_0118-1200x800.jpg 1200w\" sizes=\"(max-width: 709px) 85vw, (max-width: 909px) 67vw, (max-width: 1362px) 62vw, 840px\" \/><figcaption>Platane au soleil couchant<\/figcaption><\/figure>\n\n\n\n<div class=\"wp-block-image\"><figure class=\"aligncenter size-large is-resized\"><a href=\"#\"><img loading=\"lazy\" decoding=\"async\" src=\"https:\/\/www.galetsetoliviers.fr\/wp-content\/uploads\/2021\/03\/up-chevron-button.png\" alt=\"\" class=\"wp-image-1390\" width=\"32\" height=\"32\" srcset=\"https:\/\/www.galetsetoliviers.fr\/wp-content\/uploads\/2021\/03\/up-chevron-button.png 256w, https:\/\/www.galetsetoliviers.fr\/wp-content\/uploads\/2021\/03\/up-chevron-button-150x150.png 150w\" sizes=\"(max-width: 32px) 85vw, 32px\" \/><\/a><\/figure><\/div>\n\n\n\n<figure class=\"wp-block-image size-large\"><img loading=\"lazy\" decoding=\"async\" width=\"1024\" height=\"683\" src=\"https:\/\/www.galetsetoliviers.fr\/wp-content\/uploads\/2021\/09\/DSC_0369-1024x683.jpg\" alt=\"\" class=\"wp-image-1561\" srcset=\"https:\/\/www.galetsetoliviers.fr\/wp-content\/uploads\/2021\/09\/DSC_0369-1024x683.jpg 1024w, https:\/\/www.galetsetoliviers.fr\/wp-content\/uploads\/2021\/09\/DSC_0369-300x200.jpg 300w, https:\/\/www.galetsetoliviers.fr\/wp-content\/uploads\/2021\/09\/DSC_0369-768x512.jpg 768w, https:\/\/www.galetsetoliviers.fr\/wp-content\/uploads\/2021\/09\/DSC_0369-1536x1024.jpg 1536w, https:\/\/www.galetsetoliviers.fr\/wp-content\/uploads\/2021\/09\/DSC_0369-2048x1365.jpg 2048w, https:\/\/www.galetsetoliviers.fr\/wp-content\/uploads\/2021\/09\/DSC_0369-1200x800.jpg 1200w\" sizes=\"(max-width: 709px) 85vw, (max-width: 909px) 67vw, (max-width: 1362px) 62vw, 840px\" \/><figcaption>Val\u00e9rianes, euphorbes, iris dans le jardin &#8220;sec&#8221;<\/figcaption><\/figure>\n\n\n\n<figure class=\"wp-block-image\"><img loading=\"lazy\" decoding=\"async\" width=\"1024\" height=\"683\" src=\"http:\/\/www.10rdlf.fr\/garden\/wp-content\/uploads\/2020\/06\/DSC_0433-1024x683.jpg\" alt=\"\" class=\"wp-image-739\" srcset=\"https:\/\/www.galetsetoliviers.fr\/wp-content\/uploads\/2020\/06\/DSC_0433-1024x683.jpg 1024w, https:\/\/www.galetsetoliviers.fr\/wp-content\/uploads\/2020\/06\/DSC_0433-300x200.jpg 300w, https:\/\/www.galetsetoliviers.fr\/wp-content\/uploads\/2020\/06\/DSC_0433-768x512.jpg 768w, https:\/\/www.galetsetoliviers.fr\/wp-content\/uploads\/2020\/06\/DSC_0433-1200x800.jpg 1200w\" sizes=\"(max-width: 709px) 85vw, (max-width: 909px) 67vw, (max-width: 1362px) 62vw, 840px\" \/><figcaption>\u00c9rig\u00e9ron, tritoma, val\u00e9rianes, rosier<\/figcaption><\/figure>\n\n\n\n<div class=\"wp-block-image\"><figure class=\"aligncenter size-large is-resized\"><a href=\"#\"><img loading=\"lazy\" decoding=\"async\" src=\"https:\/\/www.galetsetoliviers.fr\/wp-content\/uploads\/2021\/03\/up-chevron-button.png\" alt=\"\" class=\"wp-image-1390\" width=\"32\" height=\"32\" srcset=\"https:\/\/www.galetsetoliviers.fr\/wp-content\/uploads\/2021\/03\/up-chevron-button.png 256w, https:\/\/www.galetsetoliviers.fr\/wp-content\/uploads\/2021\/03\/up-chevron-button-150x150.png 150w\" sizes=\"(max-width: 32px) 85vw, 32px\" \/><\/a><\/figure><\/div>\n\n\n\n<figure class=\"wp-block-image\"><img loading=\"lazy\" decoding=\"async\" width=\"1024\" height=\"683\" src=\"http:\/\/www.10rdlf.fr\/garden\/wp-content\/uploads\/2020\/06\/DSC_0563-1024x683.jpg\" alt=\"\" class=\"wp-image-744\" srcset=\"https:\/\/www.galetsetoliviers.fr\/wp-content\/uploads\/2020\/06\/DSC_0563-1024x683.jpg 1024w, https:\/\/www.galetsetoliviers.fr\/wp-content\/uploads\/2020\/06\/DSC_0563-300x200.jpg 300w, https:\/\/www.galetsetoliviers.fr\/wp-content\/uploads\/2020\/06\/DSC_0563-768x512.jpg 768w, https:\/\/www.galetsetoliviers.fr\/wp-content\/uploads\/2020\/06\/DSC_0563-1200x800.jpg 1200w\" sizes=\"(max-width: 709px) 85vw, (max-width: 909px) 67vw, (max-width: 1362px) 62vw, 840px\" \/><figcaption>Sedum dor\u00e9 qui pousse sur les toits<\/figcaption><\/figure>\n\n\n\n<div class=\"wp-block-image\"><figure class=\"aligncenter size-large\"><img loading=\"lazy\" decoding=\"async\" width=\"683\" height=\"1024\" src=\"https:\/\/www.galetsetoliviers.fr\/wp-content\/uploads\/2021\/09\/DSC_0523-scaled-e1631091835515-683x1024.jpg\" alt=\"\" class=\"wp-image-1569\" srcset=\"https:\/\/www.galetsetoliviers.fr\/wp-content\/uploads\/2021\/09\/DSC_0523-scaled-e1631091835515-683x1024.jpg 683w, https:\/\/www.galetsetoliviers.fr\/wp-content\/uploads\/2021\/09\/DSC_0523-scaled-e1631091835515-200x300.jpg 200w, https:\/\/www.galetsetoliviers.fr\/wp-content\/uploads\/2021\/09\/DSC_0523-scaled-e1631091835515-768x1152.jpg 768w, https:\/\/www.galetsetoliviers.fr\/wp-content\/uploads\/2021\/09\/DSC_0523-scaled-e1631091835515-1024x1536.jpg 1024w, https:\/\/www.galetsetoliviers.fr\/wp-content\/uploads\/2021\/09\/DSC_0523-scaled-e1631091835515-1366x2048.jpg 1366w, https:\/\/www.galetsetoliviers.fr\/wp-content\/uploads\/2021\/09\/DSC_0523-scaled-e1631091835515-1200x1800.jpg 1200w, https:\/\/www.galetsetoliviers.fr\/wp-content\/uploads\/2021\/09\/DSC_0523-scaled-e1631091835515.jpg 1707w\" sizes=\"(max-width: 683px) 85vw, 683px\" \/><figcaption>Roses tr\u00e9mi\u00e8res blanches<\/figcaption><\/figure><\/div>\n\n\n\n<div class=\"wp-block-image\"><figure class=\"aligncenter size-large is-resized\"><a href=\"#\"><img loading=\"lazy\" decoding=\"async\" src=\"https:\/\/www.galetsetoliviers.fr\/wp-content\/uploads\/2021\/03\/up-chevron-button.png\" alt=\"\" class=\"wp-image-1390\" width=\"32\" height=\"32\" srcset=\"https:\/\/www.galetsetoliviers.fr\/wp-content\/uploads\/2021\/03\/up-chevron-button.png 256w, https:\/\/www.galetsetoliviers.fr\/wp-content\/uploads\/2021\/03\/up-chevron-button-150x150.png 150w\" sizes=\"(max-width: 32px) 85vw, 32px\" \/><\/a><\/figure><\/div>\n","protected":false},"excerpt":{"rendered":"","protected":false},"author":1,"featured_media":0,"parent":0,"menu_order":0,"comment_status":"closed","ping_status":"closed","template":"","meta":{"footnotes":""},"_links":{"self":[{"href":"https:\/\/www.galetsetoliviers.fr\/index.php?rest_route=\/wp\/v2\/pages\/665"}],"collection":[{"href":"https:\/\/www.galetsetoliviers.fr\/index.php?rest_route=\/wp\/v2\/pages"}],"about":[{"href":"https:\/\/www.galetsetoliviers.fr\/index.php?rest_route=\/wp\/v2\/types\/page"}],"author":[{"embeddable":true,"href":"https:\/\/www.galetsetoliviers.fr\/index.php?rest_route=\/wp\/v2\/users\/1"}],"replies":[{"embeddable":true,"href":"https:\/\/www.galetsetoliviers.fr\/index.php?rest_route=%2Fwp%2Fv2%2Fcomments&post=665"}],"version-history":[{"count":6,"href":"https:\/\/www.galetsetoliviers.fr\/index.php?rest_route=\/wp\/v2\/pages\/665\/revisions"}],"predecessor-version":[{"id":1584,"href":"https:\/\/www.galetsetoliviers.fr\/index.php?rest_route=\/wp\/v2\/pages\/665\/revisions\/1584"}],"wp:attachment":[{"href":"https:\/\/www.galetsetoliviers.fr\/index.php?rest_route=%2Fwp%2Fv2%2Fmedia&parent=665"}],"curies":[{"name":"wp","href":"https:\/\/api.w.org\/{rel}","templated":true}]}}