{"id":691,"date":"2020-06-09T10:46:21","date_gmt":"2020-06-09T08:46:21","guid":{"rendered":"http:\/\/www.10rdlf.fr\/garden\/?page_id=691"},"modified":"2020-06-09T10:46:21","modified_gmt":"2020-06-09T08:46:21","slug":"sauce-yaourt-minute","status":"publish","type":"page","link":"https:\/\/www.galetsetoliviers.fr\/?page_id=691","title":{"rendered":"Sauce yaourt minute"},"content":{"rendered":"\n<p>Une sauce tr\u00e8s rapide \u00e0 faire, si vous avez rat\u00e9 votre hollandaise et qu&#8217;il vous faut un remplacement, ou juste parce qu\u2019il n&#8217;y a plus de temps. Pour accompagner du poisson, pommes de terre, crudit\u00e9s et autres&#8230; La recette est tr\u00e8s r\u00e9pandue, mais on a tendance \u00e0 l&#8217;oublier, malgr\u00e9 sa facilit\u00e9 et versatilit\u00e9.<\/p>\n\n\n\n<figure class=\"wp-block-image\"><img loading=\"lazy\" decoding=\"async\" width=\"1024\" height=\"683\" src=\"http:\/\/www.10rdlf.fr\/garden\/wp-content\/uploads\/2020\/06\/DSC_0374-1024x683.jpg\" alt=\"\" class=\"wp-image-729\" srcset=\"https:\/\/www.galetsetoliviers.fr\/wp-content\/uploads\/2020\/06\/DSC_0374-1024x683.jpg 1024w, https:\/\/www.galetsetoliviers.fr\/wp-content\/uploads\/2020\/06\/DSC_0374-300x200.jpg 300w, https:\/\/www.galetsetoliviers.fr\/wp-content\/uploads\/2020\/06\/DSC_0374-768x512.jpg 768w, https:\/\/www.galetsetoliviers.fr\/wp-content\/uploads\/2020\/06\/DSC_0374-1200x800.jpg 1200w\" sizes=\"(max-width: 709px) 85vw, (max-width: 909px) 67vw, (max-width: 1362px) 62vw, 840px\" \/><\/figure>\n\n\n\n<p>Il vous faut 2 yaourts doux et cr\u00e9meux (style perle de lait, bulgare, etc&#8230;) ; incorporez 2 ou 3 cuill\u00e8res \u00e0 caf\u00e9 de moutarde force (la quantit\u00e9 d\u00e9pend des go\u00fbts, go\u00fbtez la sauce et rajoutez si n\u00e9cessaire) ; un peu de sel, et une ou plusieurs herbes aromatiques de votre choix coup\u00e9es finement. Ici c&#8217;est de la ciboulette la plupart du temps, mais aussi du basilic, menthe, coriandre, estragon, etc&#8230;  On peut rajouter un jus de citron, du miel, etc&#8230; selon les go\u00fbts, mais \u00e9vitez de surcharger la sauce, ce n&#8217;est pas vraiment utile, l&#8217;id\u00e9e est de faire une sauce rapide avec les moyens du bord (du jardin).<\/p>\n\n\n\n<figure class=\"wp-block-image\"><img loading=\"lazy\" decoding=\"async\" width=\"1024\" height=\"683\" src=\"http:\/\/www.10rdlf.fr\/garden\/wp-content\/uploads\/2020\/06\/DSC_0381-1024x683.jpg\" alt=\"\" class=\"wp-image-730\" srcset=\"https:\/\/www.galetsetoliviers.fr\/wp-content\/uploads\/2020\/06\/DSC_0381-1024x683.jpg 1024w, https:\/\/www.galetsetoliviers.fr\/wp-content\/uploads\/2020\/06\/DSC_0381-300x200.jpg 300w, https:\/\/www.galetsetoliviers.fr\/wp-content\/uploads\/2020\/06\/DSC_0381-768x512.jpg 768w, https:\/\/www.galetsetoliviers.fr\/wp-content\/uploads\/2020\/06\/DSC_0381-1200x800.jpg 1200w\" sizes=\"(max-width: 709px) 85vw, (max-width: 909px) 67vw, (max-width: 1362px) 62vw, 840px\" \/><\/figure>\n\n\n\n<p>Et voila, \u00e7a n&#8217;a pris que quelques minutes, et c&#8217;est pr\u00eat.<\/p>\n","protected":false},"excerpt":{"rendered":"<p>Une sauce tr\u00e8s rapide \u00e0 faire, si vous avez rat\u00e9 votre hollandaise et qu&#8217;il vous faut un remplacement, ou juste parce qu\u2019il n&#8217;y a plus de temps. Pour accompagner du poisson, pommes de terre, crudit\u00e9s et autres&#8230; La recette est tr\u00e8s r\u00e9pandue, mais on a tendance \u00e0 l&#8217;oublier, malgr\u00e9 sa facilit\u00e9 et versatilit\u00e9. Il vous &hellip; <a href=\"https:\/\/www.galetsetoliviers.fr\/?page_id=691\" class=\"more-link\">Continue reading<span class=\"screen-reader-text\"> &#8220;Sauce yaourt minute&#8221;<\/span><\/a><\/p>\n","protected":false},"author":1,"featured_media":0,"parent":0,"menu_order":0,"comment_status":"closed","ping_status":"closed","template":"","meta":{"footnotes":""},"_links":{"self":[{"href":"https:\/\/www.galetsetoliviers.fr\/index.php?rest_route=\/wp\/v2\/pages\/691"}],"collection":[{"href":"https:\/\/www.galetsetoliviers.fr\/index.php?rest_route=\/wp\/v2\/pages"}],"about":[{"href":"https:\/\/www.galetsetoliviers.fr\/index.php?rest_route=\/wp\/v2\/types\/page"}],"author":[{"embeddable":true,"href":"https:\/\/www.galetsetoliviers.fr\/index.php?rest_route=\/wp\/v2\/users\/1"}],"replies":[{"embeddable":true,"href":"https:\/\/www.galetsetoliviers.fr\/index.php?rest_route=%2Fwp%2Fv2%2Fcomments&post=691"}],"version-history":[{"count":2,"href":"https:\/\/www.galetsetoliviers.fr\/index.php?rest_route=\/wp\/v2\/pages\/691\/revisions"}],"predecessor-version":[{"id":748,"href":"https:\/\/www.galetsetoliviers.fr\/index.php?rest_route=\/wp\/v2\/pages\/691\/revisions\/748"}],"wp:attachment":[{"href":"https:\/\/www.galetsetoliviers.fr\/index.php?rest_route=%2Fwp%2Fv2%2Fmedia&parent=691"}],"curies":[{"name":"wp","href":"https:\/\/api.w.org\/{rel}","templated":true}]}}