{"id":85,"date":"2019-12-11T13:16:22","date_gmt":"2019-12-11T13:16:22","guid":{"rendered":"http:\/\/www.10rdlf.fr\/garden\/?page_id=85"},"modified":"2021-03-15T15:57:26","modified_gmt":"2021-03-15T14:57:26","slug":"de-lorganisation-du-jardin","status":"publish","type":"page","link":"https:\/\/www.galetsetoliviers.fr\/?page_id=85","title":{"rendered":"L&#8217;organisation du jardin"},"content":{"rendered":"\n<p>Vous trouverez ici quelques conseils sur l&#8217;am\u00e9nagement et l&#8217;organisation du jardin pour les d\u00e9butants en jardinage. Vous ne serez pas surpris de savoir que ces conseils viennent des erreurs que nous avons faites \u00e0 nos d\u00e9buts.<\/p>\n\n\n\n<p>Un jardin se construit autour du &#8220;centre de vie&#8221;, l&#8217;endroit le plus fr\u00e9quent\u00e9 du jardin. Cela peut \u00eatre la terrasse, la piscine, etc&#8230; C&#8217;est de cet endroit o\u00f9 les gens verront le plus le jardin, et c&#8217;est de cet endroit o\u00f9 le jardin doit pr\u00e9senter son cot\u00e9 le plus agr\u00e9able.<\/p>\n\n\n\n<h3 class=\"wp-block-heading\">Ne r\u00e9inventons pas la roue<\/h3>\n\n\n\n<p>Regardez par dessus la cl\u00f4ture ce qui pousse chez le voisin. Plus g\u00e9n\u00e9ralement observez les jardins aux alentours, les plantes les plus communes : ce seront probablement les plus adapt\u00e9es \u00e0 la r\u00e9gion. On vient d&#8217;une r\u00e9gion, avec nos habitudes, pensant pouvoir continuer ici, mais malheureusement les plantes de notre ancien jardin ne sont pas forcement adapt\u00e9es au nouveau sol\/climat.  Quand on d\u00e9bute le plus simple est de faire comme tout le monde ; une fois l&#8217;exp\u00e9rience acquise, on peut tenter avec des esp\u00e8ces plus difficiles \u00e0 introduire.<\/p>\n\n\n\n<h3 class=\"wp-block-heading\">Du + pr\u00e8s au + \u00e9loign\u00e9<\/h3>\n\n\n\n<p>La r\u00e8gle est simple, l&#8217;endroit le plus fr\u00e9quent\u00e9 du jardin doit \u00eatre le plus soign\u00e9 et le plus attrayant.  Ainsi les premiers espaces \u00e0 d\u00e9velopper sont autour de la terrasse, de la zone de repas, de la piscine, et les zones visibles depuis le salon ou la cuisine. Et plus on s&#8217;\u00e9loigne du centre de vie du jardin, le moins de soins on n&#8217;a besoin d&#8217;y apporter, tout au moins au d\u00e9but. Avec l&#8217;exp\u00e9rience et le temps on apprend ensuite \u00e0 d\u00e9velopper l&#8217;ensemble du jardin, petit \u00e0 petit.<\/p>\n\n\n\n<h3 class=\"wp-block-heading\">Du plus lent de croissance au plus rapide.<\/h3>\n\n\n\n<p>On est ici devant une situation contradictoire : D&#8217;une part il faudrait planifier et planter les arbres en premier ; ce sont les plus longs \u00e0 grandir et si on veut en profiter, surtout les arbres fruitiers,  il faut les planter de suite.<\/p>\n\n\n\n<p>D&#8217;autre part, quand on am\u00e9nage un nouveau jardin on ne conna\u00eet pas vraiment le caract\u00e8re du terrain, les vents, les voisins, le climat, et il vaut mieux attendre un an au moins pour pouvoir bien organiser son jardin. Et si on s&#8217;est tromp\u00e9 avec les arbres, ont ne peut que difficilement les bouger.<\/p>\n\n\n\n<p>C&#8217;est plus facile avec les arbustes qui, encore jeunes, peuvent \u00eatre d\u00e9plac\u00e9s. Quant \u00e0 la plupart des vivaces, il est courant de les d\u00e9placer. On se trompe tous un jour.<\/p>\n\n\n\n<h3 class=\"wp-block-heading\">Les arbres<\/h3>\n\n\n\n<p>Quand vous choisissez un arbre gardez en t\u00eate la taille finale de l&#8217;arbre. Un arbre jeune de 3m peut devenir un arbre de 20m apr\u00e8s 20 ans. Tenez compte de l&#8217;ombre que va apporter l&#8217;arbre adulte, surtout sur la maison. Il est agr\u00e9able d&#8217;avoir la maison \u00e0 l&#8217;ombre en \u00e9t\u00e9, mais pas en hiver. La plupart des conif\u00e8res et autres arbres \u00e0 feuilles persistantes ne sont pas recommand\u00e9s pr\u00e8s de la maison. Faites attention \u00e0 ce qui va pousser sous l&#8217;arbre. Les gros arbres sont en g\u00e9n\u00e9ral assez gourmands en eau, et le feuillage emp\u00eache les petites pluies d&#8217;atteindre le sol. Le dessous d&#8217;un arbre est un \u00e9cosyst\u00e8me diff\u00e9rent qui ne se g\u00e8re pas comme le reste du jardin.<\/p>\n\n\n\n<h3 class=\"wp-block-heading\">Le travail au jardin<\/h3>\n\n\n\n<p>Il n&#8217;y a pas de secret, plus on passera de temps \u00e0 s&#8217;occuper du jardin, plus il sera beau. Le jardin sans entretien n&#8217;existe pas. Peut \u00eatre \u00e0 entretien r\u00e9duit, pour un jardin bien install\u00e9, mais il y a toujours un peu de soin \u00e0 y apporter.<\/p>\n\n\n\n<p>Les travaux se divisent en deux types : la conception et construction du jardin, et son entretient.<\/p>\n\n\n\n<p>La conception est la partie la plus co\u00fbteuse en travail : pr\u00e9parer les plates bandes, former les bordures, travailler la terre, planter, etc&#8230; On ne le fait qu&#8217;une seule fois, mais c&#8217;est un long travail. Un jardin peut \u00eatre compl\u00e8tement am\u00e9nag\u00e9 en une ann\u00e9e si on a le temps et l&#8217;argent, mais en g\u00e9n\u00e9ral on met plusieurs ann\u00e9es, 2 ou 3 minimum, voir plus comme nous qui prenons notre temps.<\/p>\n\n\n\n<p>La premi\u00e8re ann\u00e9e nous recommandons de planter les arbres (surtout les fruitiers), les haies, et peut \u00eatre une ou deux plates bandes. Et couvrir le reste en gazon ; c&#8217;est rapide, pratique, est \u00e7a fait propre en attendant de d\u00e9velopper le jardin. Les ann\u00e9es suivantes on peut se concentrer sur de nouvelles plates bandes, les am\u00e9nagements, etc&#8230;<\/p>\n\n\n\n<p>Le grand nettoyage peut se faire de la fin de automne \u00e0 la fin de l&#8217;hiver. Cela d\u00e9pend des \u00e9coles. Certains jardiniers pr\u00e9f\u00e8rent un jardin propre pendant l&#8217;hiver, et vont nettoyer \u00e0 l&#8217;automne. D&#8217;autres pr\u00e9f\u00e8rent laisser le jardin au naturel pendant l&#8217;hiver, et nettoieront fin hiver. Il n&#8217;y a pas de r\u00e8gle stricte, chaque m\u00e9thode a ses avantages et inconv\u00e9nients. Pour un jardin \u00e9tabli, le nettoyage consiste \u00e0 enlever les branches et tiges mortes, tailler, diviser les plantes trop grosses, et ne demande pas trop de temps.<\/p>\n\n\n\n<p>Le d\u00e9sherbage, \u00e0 effectuer au moins une fois par an, encore mieux 2 ou 3 fois, est n\u00e9cessaire pour ne pas se laisser envahir. La aussi, si le jardin est bien \u00e9tabli, cette t\u00e2che n&#8217;est pas trop contraignante.<\/p>\n\n\n\n<p>Pour donner une id\u00e9e du temps \u00e0 consacrer \u00e0 son jardin, nous nettoyons en mars\/avril (cela inclut un premier d\u00e9sherbage), puis effectuons un ou deux d\u00e9sherbages avant l&#8217;\u00e9t\u00e9. En \u00e9t\u00e9 nous ne faisons rien, le sol est trop dur \u00e0 travailler. Pour donner des chiffres, nous dirons 2h par semaine pendant le mois de gros nettoyage, puis 2h par mois le reste de l&#8217;ann\u00e9e. Bien s\u00fbre cela est juste l&#8217;entretient, et n&#8217;inclut pas la cr\u00e9ation de nouveaux plates bandes ou l&#8217;am\u00e9nagement de nouveaux espaces. Et si on aime jardiner, il y a toujours quelque chose \u00e0 faire dans le jardin !<\/p>\n\n\n\n<p>Un potager est beaucoup plus co\u00fbteux en temps ; pour le notre de 80m<sup>2<\/sup>, la pr\u00e9paration, les plantations, l&#8217;entretient, et les r\u00e9coltes peuvent prendre jusqu\u2019\u00e0 1h en moyenne par semaine en pleine saison, d&#8217;avril \u00e0 septembre.<\/p>\n","protected":false},"excerpt":{"rendered":"<p>Vous trouverez ici quelques conseils sur l&#8217;am\u00e9nagement et l&#8217;organisation du jardin pour les d\u00e9butants en jardinage. Vous ne serez pas surpris de savoir que ces conseils viennent des erreurs que nous avons faites \u00e0 nos d\u00e9buts. Un jardin se construit autour du &#8220;centre de vie&#8221;, l&#8217;endroit le plus fr\u00e9quent\u00e9 du jardin. Cela peut \u00eatre la &hellip; <a href=\"https:\/\/www.galetsetoliviers.fr\/?page_id=85\" class=\"more-link\">Continue reading<span class=\"screen-reader-text\"> &#8220;L&#8217;organisation du jardin&#8221;<\/span><\/a><\/p>\n","protected":false},"author":1,"featured_media":0,"parent":0,"menu_order":0,"comment_status":"closed","ping_status":"closed","template":"","meta":{"footnotes":""},"_links":{"self":[{"href":"https:\/\/www.galetsetoliviers.fr\/index.php?rest_route=\/wp\/v2\/pages\/85"}],"collection":[{"href":"https:\/\/www.galetsetoliviers.fr\/index.php?rest_route=\/wp\/v2\/pages"}],"about":[{"href":"https:\/\/www.galetsetoliviers.fr\/index.php?rest_route=\/wp\/v2\/types\/page"}],"author":[{"embeddable":true,"href":"https:\/\/www.galetsetoliviers.fr\/index.php?rest_route=\/wp\/v2\/users\/1"}],"replies":[{"embeddable":true,"href":"https:\/\/www.galetsetoliviers.fr\/index.php?rest_route=%2Fwp%2Fv2%2Fcomments&post=85"}],"version-history":[{"count":13,"href":"https:\/\/www.galetsetoliviers.fr\/index.php?rest_route=\/wp\/v2\/pages\/85\/revisions"}],"predecessor-version":[{"id":1291,"href":"https:\/\/www.galetsetoliviers.fr\/index.php?rest_route=\/wp\/v2\/pages\/85\/revisions\/1291"}],"wp:attachment":[{"href":"https:\/\/www.galetsetoliviers.fr\/index.php?rest_route=%2Fwp%2Fv2%2Fmedia&parent=85"}],"curies":[{"name":"wp","href":"https:\/\/api.w.org\/{rel}","templated":true}]}}